{"id":3333,"date":"2024-02-20T09:11:42","date_gmt":"2024-02-20T09:11:42","guid":{"rendered":"https:\/\/thehotel.forwardapps.si\/geschaeftsbedingungen\/"},"modified":"2024-04-23T20:36:09","modified_gmt":"2024-04-23T20:36:09","slug":"geschaeftsbedingungen","status":"publish","type":"page","link":"https:\/\/www.thehotel.si\/de\/geschaeftsbedingungen\/","title":{"rendered":"Gesch\u00e4ftsbedingungen"},"content":{"rendered":"\t\t<div data-elementor-type=\"wp-page\" data-elementor-id=\"3333\" class=\"elementor elementor-3333 elementor-23\" data-elementor-post-type=\"page\">\n\t\t\t\t<div class=\"elementor-element elementor-element-60da20d shadow-overlay e-flex e-con-boxed e-con e-parent\" data-id=\"60da20d\" data-element_type=\"container\" data-settings=\"{&quot;background_background&quot;:&quot;classic&quot;}\">\n\t\t\t\t\t<div class=\"e-con-inner\">\n\t\t\t\t\t<\/div>\n\t\t\t\t<\/div>\n\t\t<div class=\"elementor-element elementor-element-e67a5f6 elementor-hidden-mobile e-flex e-con-boxed e-con e-parent\" data-id=\"e67a5f6\" data-element_type=\"container\">\n\t\t\t\t\t<div class=\"e-con-inner\">\n\t\t\t\t<div class=\"elementor-element elementor-element-8f2a52b elementor-widget elementor-widget-template\" data-id=\"8f2a52b\" data-element_type=\"widget\" data-widget_type=\"template.default\">\n\t\t\t\t<div class=\"elementor-widget-container\">\n\t\t\t\t\t\t\t<div class=\"elementor-template\">\n\t\t\t\t\t<div data-elementor-type=\"section\" data-elementor-id=\"4410\" class=\"elementor elementor-4410 elementor-148 elementor-148\" data-elementor-post-type=\"elementor_library\">\n\t\t\t<div class=\"elementor-element elementor-element-c4df3f3 e-con-full e-flex e-con e-parent\" data-id=\"c4df3f3\" data-element_type=\"container\" data-settings=\"{&quot;background_background&quot;:&quot;classic&quot;}\">\n\t\t\t\t<div class=\"elementor-element elementor-element-b7f831a elementor-widget__width-initial elementor-widget elementor-widget-jet-engine-booking-form\" data-id=\"b7f831a\" data-element_type=\"widget\" data-widget_type=\"jet-engine-booking-form.default\">\n\t\t\t\t<div class=\"elementor-widget-container\">\n\t\t\t\t\t<form  class=\"jet-form layout-row submit-type-reload\" action=\"\/de\/wp-json\/wp\/v2\/pages\/3333?jet_engine_action=book&#038;nocache=1776779915\" method=\"POST\" data-form-id=\"4547\"><div class=\"jet-form-col__end content-fullwidth\"><input class=\"jet-form__field hidden-field\" type=\"hidden\" name=\"_jet_engine_booking_form_id\" value=\"4547\" data-field-name=\"_jet_engine_booking_form_id\"><\/div><div class=\"jet-form-col__end content-fullwidth\"><input class=\"jet-form__field hidden-field\" type=\"hidden\" name=\"_jet_engine_refer\" value=\"https:\/\/www.thehotel.si\/de\/wp-json\/wp\/v2\/pages\/3333\/\" data-field-name=\"_jet_engine_refer\"><\/div><div  class=\"jet-form-row jet-form-row--hidden\"><div class=\"jet-form-col jet-form-col-12  field-type-hidden  jet-form-field-container\" data-field=\"post_id\" data-conditional=\"false\"><div class=\"jet-form-col__end content-fullwidth\"><input class=\"jet-form__field hidden-field\" type=\"hidden\" name=\"post_id\" value=\"3333\" data-field-name=\"post_id\"><\/div><\/div><\/div><div  class=\"jet-form-row jet-form-row--submit jet-form-row--first-visible\"><div class=\"jet-form-col jet-form-col-8  field-type-check_in_out  jet-form-field-container\" data-field=\"_dates_range\" data-conditional=\"false\"><div class=\"jet-form-col__end content-fullwidth\">\n<div class=\"jet-abaf-separate-fields\"  >\n\t<div class=\"jet-abaf-separate-field jet-form-col-6\">\n\t\t\t\t\t<div class=\"jet-abaf-separate-field__label jet-form__label\">\n\t\t\t\tCHECK IN\t\t\t<\/div>\n\t\t\n\t\t<div class=\"jet-abaf-separate-field__control\">\n\t\t\t<input\n\t\t\t\ttype=\"text\"\n\t\t\t\tid=\"jet_abaf_field_1\"\n\t\t\t\tname=\"_dates_range__in\"\n\t\t\t\tclass=\"jet-abaf-field__input jet-form__field\"\n\t\t\t\tplaceholder=\"\"\n\t\t\t\tvalue=\"\"\n\t\t\t\tdata-value=\"\"\n\t\t\t\tautocomplete=\"off\"\n\t\t\t\treadonly\n\t\t\t\t\t\t\t\/>\n\n\t\t\t\t\t<\/div>\n\t<\/div>\n\n\t<div class=\"jet-abaf-separate-field jet-form-col-6\">\n\t\t\t\t\t<div class=\"jet-abaf-separate-field__label jet-form__label\">\n\t\t\t\tCHECK OUT\t\t\t<\/div>\n\t\t\n\t\t<div class=\"jet-abaf-separate-field__control\">\n\t\t\t<input\n\t\t\t\ttype=\"text\"\n\t\t\t\tid=\"jet_abaf_field_2\"\n\t\t\t\tname=\"_dates_range__out\"\n\t\t\t\tclass=\"jet-abaf-field__input jet-form__field\"\n\t\t\t\tplaceholder=\"\"\n\t\t\t\tvalue=\"\"\n\t\t\t\tdata-value=\"\"\n\t\t\t\tautocomplete=\"off\"\n\t\t\t\treadonly\n\t\t\t\t\t\t\t\/>\n\n\t\t\t\t\t<\/div>\n\t<\/div>\n\n\t<input\n\t\ttype=\"hidden\"\n\t\tid=\"jet_abaf_field_range\"\n\t\tname=\"_dates_range\"\n\t\tclass=\"jet-abaf-field__input jet-form__field\"\n\t\tvalue=\"\"\n\t\tdata-value=\"\"\n\t\tdata-field=\"checkin-checkout\"\n\t\tdata-format=\"DD.MM.YYYY\"\n\t\/>\n<\/div>\n\n<\/div><\/div><div class=\"jet-form-col jet-form-col-4  field-type-submit  jet-form-field-container\" data-field=\"Submit\" data-conditional=\"false\"><div class=\"jet-form-col__end content-fullwidth\"><div class=\"jet-form__submit-wrap\">\n\t\t<button class=\"jet-form__submit submit-type-reload\" type=\"submit\">VERF\u00dcGBARKEIT PR\u00dcFEN <\/button>\n<\/div><\/div><\/div><\/div><div  class=\"jet-form-row jet-form-row--hidden jet-form-row--first-visible\"><div class=\"jet-form-col jet-form-col-12  field-type-hidden  jet-form-field-container\" data-field=\"_gl\" data-conditional=\"false\"><div class=\"jet-form-col__end content-fullwidth\"><input class=\"jet-form__field hidden-field\" type=\"hidden\" name=\"_gl\" value=\"xxx\" data-field-name=\"_gl\"><\/div><\/div><\/div><div class=\"jet-form-col__end content-fullwidth\"><input class=\"jet-form__field hidden-field\" type=\"hidden\" name=\"_jet_engine_nonce\" value=\"b6d2b1f29c\" data-field-name=\"_jet_engine_nonce\"><\/div><\/form>\t\t\t\t<\/div>\n\t\t\t\t<\/div>\n\t\t\t\t<div class=\"elementor-element elementor-element-c7d605f elementor-widget elementor-widget-html\" data-id=\"c7d605f\" data-element_type=\"widget\" data-widget_type=\"html.default\">\n\t\t\t\t\t<script>document.addEventListener('DOMContentLoaded', function() {\n    var today = new Date();\n    var tomorrow = new Date(today.getTime() + (24 * 60 * 60 * 1000)); \/\/ Adds one day to today's date\n\n    \/\/ Helper function to format the date as DD.MM.YYYY\n    function formatDate(date) {\n        var day = date.getDate().toString().padStart(2, '0');\n        var month = (date.getMonth() + 1).toString().padStart(2, '0'); \/\/ getMonth() is zero-based\n        var year = date.getFullYear();\n        return day + '.' + month + '.' + year;\n    }\n\n    var checkInDate = document.querySelector('input[name=\"_dates_range__in\"]'); \/\/ Adjust selector as needed\n    var checkOutDate = document.querySelector('input[name=\"_dates_range__out\"]'); \/\/ Adjust selector as needed\n\n    if (checkInDate) {\n        checkInDate.value = formatDate(today);\n    }\n\n    if (checkOutDate) {\n        checkOutDate.value = formatDate(tomorrow);\n    }\n});\n\n\n\n\n\ndocument.addEventListener('DOMContentLoaded', function() {\n    var today = new Date();\n    var tomorrow = new Date(today.getTime() + (24 * 60 * 60 * 1000)); \/\/ Adds one day to today's date\n\n    \/\/ Helper function to format the date as DD.MM.YYYY\n    function formatDate(date) {\n        var day = date.getDate().toString().padStart(2, '0');\n        var month = (date.getMonth() + 1).toString().padStart(2, '0'); \/\/ getMonth() is zero-based\n        var year = date.getFullYear();\n        return day + '.' + month + '.' + year;\n    }\n\n    var dateRangeInput = document.getElementById('jet_abaf_field_range');\n\n    if (dateRangeInput) {\n        var formattedDateRange = formatDate(today) + ' - ' + formatDate(tomorrow);\n        dateRangeInput.value = formattedDateRange;\n        dateRangeInput.setAttribute('value', formattedDateRange); \/\/ Set the value attribute\n    }\n});\n<\/script>\t\t\t\t<\/div>\n\t\t\t\t<\/div>\n\t\t\t\t<\/div>\n\t\t\t\t<\/div>\n\t\t\t\t\t\t<\/div>\n\t\t\t\t<\/div>\n\t\t\t\t\t<\/div>\n\t\t\t\t<\/div>\n\t\t<div class=\"elementor-element elementor-element-9b5557f e-flex e-con-boxed e-con e-parent\" data-id=\"9b5557f\" data-element_type=\"container\">\n\t\t\t\t\t<div class=\"e-con-inner\">\n\t\t\t\t<div class=\"elementor-element elementor-element-ab4f81b elementor-widget elementor-widget-text-editor\" data-id=\"ab4f81b\" data-element_type=\"widget\" data-widget_type=\"text-editor.default\">\n\t\t\t\t\t\t\t\t\t<h1>Gesch\u00e4ftsbedingungen<\/h1>\n<h4>Angaben zum Unternehmen<\/h4>\n<p>The Hotel LJ d.o.o.<br \/>Cesta v Hrib 20<br \/>1210 Ljubljana-\u0160entvid, Slovenia<\/p>\n<p>P.E.: The Hotel LJ<br \/>Cankarjevo nabre\u017eje 29<br \/>1000 Ljubljana, Slovenia<\/p>\n<p>Steuernummer: 23758872<br \/>Registernummer: 8149763000<\/p>\n<p>Bank: Unicredit Banka Slovenija d.d.<br \/>IBAN: SI56 2900 0005 2584 430<\/p>\n<p>Bank: Addiko Bank d.d<br \/>IBAN: SI56 3300 0000 9529 368<\/p>\n<p>Kontakt Rezeption: +386 (0)1 5883 200<\/p>\n<p>\u00d6ffnungszeiten der Rezeption: 24 Stunden<\/p>\n<p>Email: info@thehotel.si<\/p>\n<p>Vielen Dank, dass Sie sich f\u00fcr eine Unterkunft bei uns entschieden haben. Wir w\u00fcnschen Ihnen einen angenehmen Aufenthalt und erlauben Sie uns, Sie mit den Gesch\u00e4ftsbedingungen des Hotels vertraut zu machen. <\/p>\n<h4>W\u00e4hrung<\/h4>\n<p>Alle Hotelpreise sind in Euro (\u20ac \/ EUR) und enthalten die Mehrwertsteuer.<\/p>\n<h4>Reservierung<\/h4>\n<p>Der Gast kann \u00fcber die Website www.thehotel.si, schriftlich an die E-Mail-Adresse info@thehotel.si, telefonisch unter der Nummer +386 (0)1 5883 200 oder pers\u00f6nlich an der Hotelrezeption reservieren. Sie k\u00f6nnen die Buchung auch auf den Online-Portalen Dritter vornehmen. Im Falle einer Buchung \u00fcber das Online-Portal akzeptiert der Gast die Buchungsbedingungen auf dem Online-Portal und gleichzeitig auch die Allgemeinen Gesch\u00e4ftsbedingungen des Hotels.  <\/p>\n<h4>Reservierungsgarantie<\/h4>\n<p>Um Ihre Reservierung zu garantieren, ist eine g\u00fcltige Debit- bzw. Kreditkarte oder eine Anzahlung in H\u00f6he von 30% des Buchungsbetrages erforderlich. Die Karte des Gastes wird am Tag der Buchung mit dem Gesamtbetrag des Aufenthalts belastet.  <\/p>\n<p>Im Preis der Unterkunft ist die Kurtaxe nicht enthalten, die betr\u00e4gt:<\/p>\n<ul>\n<li>Erwachsene: 3,13 EUR pro Person und Tag<\/li>\n<li>f\u00fcr Kinder zwischen 7 und 18 Jahren: 1,57 EUR pro Person und Tag  <\/li>\n<\/ul>\n<p>Bitte geben Sie bei der Buchung die Anzahl der Personen an, die im Zimmer \u00fcbernachten werden, unabh\u00e4ngig vom Alter.<\/p>\n<h4>\u00c4nderung der Reservierung<\/h4>\n<p>Um Ihre Reservierung zu \u00e4ndern oder zu stornieren, wenden Sie sich bitte an die oben genannten Kontakte. Sie k\u00f6nnen Ihre Buchung bis 48 Stunden vor dem auf der Buchungsbest\u00e4tigung angegebenen Ankunftstag kostenfrei stornieren (bis 10 Uhr, 48 Stunden vor dem Anreisedatum). <\/p>\n<p>Wenn der Gast nicht anreist und seine Buchung nicht rechtzeitig storniert, werden ihm 100 % des Preises f\u00fcr eine Nacht in Rechnung gestellt, sofern in den Stornierungsbedingungen nichts anderes festgelegt ist.<\/p>\n<h4>Bezahlung von Dienstleistungen<\/h4>\n<p>The Hotel akzeptiert folgende Kredit- und Debitkarten:<\/p>\n<p>Visa, Mastercard\/Eurocard, Diners, Maestro, JCB, UnionPay<\/p>\n<p>Die Dienstleistungen des Hotels k\u00f6nnen auch in bar, per Bestellschein und Rechnung bzw. Vorauskasse bezahlt werden. <\/p>\n<p>Die Zahlungsmethode per Bestellschein gilt nur f\u00fcr Unternehmen. In diesem Fall muss die Bestellung physisch an das Hotel geliefert oder per E-Mail an info@thehotel.si sp\u00e4testens am Tag der Ankunft des Gastes bis 12 Uhr gesendet werden.  <\/p>\n<p>Bei Zahlung mit Vorausrechnung ist es notwendig, eine Best\u00e4tigung \u00fcber die Vorauszahlung an die E-Mail-Adresse info@thehotel.si zu senden. Die Vorauszahlung muss sp\u00e4testens 24 Stunden vor der Ankunft des Gastes erfolgen. <\/p>\n<h4>Ein-\/Auschecken der G\u00e4ste<\/h4>\n<p>Der Check-in erfolgt von 14:00 bis 24:00 Uhr, der Check-out ist am Abreisetag bis 11:00 Uhr m\u00f6glich.<\/p>\n<p>Das gebuchte Zimmer steht den G\u00e4sten am Anreisetag bis 24 Uhr zur Verf\u00fcgung.  Im Falle einer sp\u00e4teren Anreise ist der Gast verpflichtet, das Hotel im Voraus zu informieren \u2013 sp\u00e4testens bis 24 Uhr am Anreisetag. <\/p>\n<p>Ein fr\u00fcher Check-in oder ein sp\u00e4ter Check-out sind nach vorheriger Absprache m\u00f6glich.<\/p>\n<p>Beim Check-in m\u00fcssen Sie einen g\u00fcltigen Ausweis (Personalausweis oder Reisepass) mit sich f\u00fchren. Bei der Anmeldung wird auch das Registrierungsformular ausgef\u00fcllt. Sie m\u00fcssen auch die Debit- oder Kreditkarte vorlegen, die Sie bei der Buchung des Hotels verwendet haben.  <\/p>\n<h4>Vorzeitige Abreise<\/h4>\n<p>Das Hotel ist nicht verpflichtet, dem Hotelgast\/Kunden den Preis f\u00fcr eine vorzeitige Abreise zu erstatten. Ausnahmen aufgrund des Grundes der vorzeitigen Abreise bed\u00fcrfen der Genehmigung des Managements. <\/p>\n<h4>Kinder<\/h4>\n<p>Kinder bis 6 Jahre \u00fcbernachten kostenlos im Zimmer der Eltern bzw. zwei Erwachsene.   F\u00fcr Kinder zwischen 6 und 12 Jahren betr\u00e4gt der Preis 15 \u20ac.   F\u00fcr Kinder \u00fcber 12 Jahren wird der gleiche Aufpreis wie f\u00fcr Erwachsene berechnet, wenn sie in einem Zustellbett im Zimmer der Eltern \u00fcbernachten.<\/p>\n<h4>The Restaurant<\/h4>\n<p>Das hoteleigene restaurant The Restaurant serviert regionale und mediterrane K\u00fcche mit moderner Interpretation.<\/p>\n<p>Das \u00c0-la-carte-Restaurant ist von 12:00 bis 22:00 Uhr ge\u00f6ffnet, The Restaurant schlie\u00dft um 23:00 Uhr.<\/p>\n<h4>Fr\u00fchst\u00fcck<\/h4>\n<p>Im Preis der \u00dcbernachtung mit Fr\u00fchst\u00fcck ist ein Fr\u00fchst\u00fcck inbegriffen, das von 07:00 bis 11:00 Uhr im Hotelrestaurant The Restaurant serviert wird.<\/p>\n<h4>Haustiere<\/h4>\n<p>Haustiere sind erlaubt. Der Zuschlag betr\u00e4gt 20 Euro pro Aufenthalt. <\/p>\n<h4>Parken<\/h4>\n<p>The Hotel stellt Parkpl\u00e4tze bei externen Anbietern oder auf nahegelegenen Parkpl\u00e4tzen zur Verf\u00fcgung. Die Bedingungen f\u00fcr die Anmietung eines Parkplatzes und die Preise werden Ihnen bei der Buchung an der Hotelrezeption mitgeteilt. <\/p>\n<h4>Hotelkarte<\/h4>\n<p>Die Hotelkarte ist Eigentum des Hotels und dient dazu, die T\u00fcr beim Betreten des Zimmers zu \u00f6ffnen und andere ausgew\u00e4hlte Dienstleistungen des Hotels zu nutzen. Die Hotelkarte erh\u00e4lt der Gast beim Check-in und muss beim Check-out an der Hotelrezeption abgegeben werden. <\/p>\n<h4>Rauchen<\/h4>\n<p>Auf dem Hotelgel\u00e4nde ist das Rauchen nicht gestattet.<\/p>\n<h4>Geschenkgutscheine<\/h4>\n<p>Der Geschenkgutschein ist bis zum Ablaufdatum g\u00fcltig, das auf jedem Geschenkgutschein angegeben ist. Wenn auf dem Geschenkgutschein kein G\u00fcltigkeitsdatum angegeben ist, gilt der Geschenkgutschein als ein Jahr ab Ausstellungsdatum g\u00fcltig. Original-Geschenkgutscheine m\u00fcssen vor der Inanspruchnahme der Dienstleistungen in der Gastronomie und beim Check-in im Hotel an der Rezeption vorgelegt werden.  <\/p>\n<h4>Bestellung zus\u00e4tzlicher Dienstleistungen<\/h4>\n<p>Im Falle der Bestellung von Zusatzleistungen durch Dritte erkl\u00e4rt sich der Gast damit einverstanden, dass wir die Daten des Gastes zur ordnungsgem\u00e4\u00dfen Durchf\u00fchrung der angeforderten Leistung an den ausf\u00fchrenden Kunden weitergeben. Dies bezieht sich auf die Erbringung von Transportdienstleistungen, W\u00e4scheservice und chemische Reinigung, die Organisation von Ausfl\u00fcgen und dergleichen. <\/p>\n<h4>Gewinnspiele<\/h4>\n<p>Das Hotel kann auf seinen Webseiten oder auf seinen Facebook- und Instagram-Profilen verschiedene Gewinnspiele ver\u00f6ffentlichen. In diesem Fall gelten die allgemeinen Gewinnspielbedingungen. <\/p>\n<h4>Geltendes Recht<\/h4>\n<p>F\u00fcr diese Allgemeinen Gesch\u00e4ftsbedingungen gilt das slowenische Recht. Die Parteien vereinbaren die ausschlie\u00dfliche Zust\u00e4ndigkeit der slowenischen Gerichte. <\/p>\n\t\t\t\t\t\t\t\t<\/div>\n\t\t\t\t\t<\/div>\n\t\t\t\t<\/div>\n\t\t\t\t<\/div>\n\t\t","protected":false},"excerpt":{"rendered":"<p>Gesch\u00e4ftsbedingungen Angaben zum Unternehmen The Hotel LJ d.o.o.Cesta v Hrib 201210 Ljubljana-\u0160entvid, Slovenia P.E.: The Hotel LJCankarjevo nabre\u017eje 291000 Ljubljana, Slovenia Steuernummer: 23758872Registernummer: 8149763000 Bank: Unicredit Banka Slovenija d.d.IBAN: SI56 2900 0005 2584 430 Bank: Addiko Bank d.dIBAN: SI56 3300 0000 9529 368 Kontakt Rezeption: +386 (0)1 5883 200 \u00d6ffnungszeiten der Rezeption: 24 Stunden Email: [&hellip;]<\/p>\n","protected":false},"author":20,"featured_media":0,"parent":0,"menu_order":0,"comment_status":"closed","ping_status":"closed","template":"","meta":{"footnotes":""},"class_list":["post-3333","page","type-page","status-publish","hentry"],"yoast_head":"<!-- This site is optimized with the Yoast SEO plugin v27.4 - https:\/\/yoast.com\/product\/yoast-seo-wordpress\/ -->\n<title>Gesch\u00e4ftsbedingungen - The Hotel Ljubljana<\/title>\n<meta name=\"description\" content=\"Lesen Sie die Gesch\u00e4ftsbedingungen f\u00fcr einen Aufenthalt im Hotel Ljubljana. Buchungs-, Zahlungs- und Serviceinformationen f\u00fcr ein sorgenfreies Erlebnis.\" \/>\n<meta name=\"robots\" content=\"index, follow, max-snippet:-1, max-image-preview:large, max-video-preview:-1\" \/>\n<link rel=\"canonical\" href=\"https:\/\/www.thehotel.si\/de\/geschaeftsbedingungen\/\" \/>\n<meta property=\"og:locale\" content=\"de_DE\" \/>\n<meta property=\"og:type\" content=\"article\" \/>\n<meta property=\"og:title\" content=\"Gesch\u00e4ftsbedingungen - The Hotel Ljubljana\" \/>\n<meta property=\"og:description\" content=\"Lesen Sie die Gesch\u00e4ftsbedingungen f\u00fcr einen Aufenthalt im Hotel Ljubljana. Buchungs-, Zahlungs- und Serviceinformationen f\u00fcr ein sorgenfreies Erlebnis.\" \/>\n<meta property=\"og:url\" content=\"https:\/\/www.thehotel.si\/de\/geschaeftsbedingungen\/\" \/>\n<meta property=\"og:site_name\" content=\"The hotel\" \/>\n<meta property=\"article:modified_time\" content=\"2024-04-23T20:36:09+00:00\" \/>\n<meta name=\"twitter:card\" content=\"summary_large_image\" \/>\n<meta name=\"twitter:label1\" content=\"Gesch\u00e4tzte Lesezeit\" \/>\n\t<meta name=\"twitter:data1\" content=\"5\u00a0Minuten\" \/>\n<script type=\"application\/ld+json\" class=\"yoast-schema-graph\">{\"@context\":\"https:\\\/\\\/schema.org\",\"@graph\":[{\"@type\":\"WebPage\",\"@id\":\"https:\\\/\\\/www.thehotel.si\\\/de\\\/geschaeftsbedingungen\\\/\",\"url\":\"https:\\\/\\\/www.thehotel.si\\\/de\\\/geschaeftsbedingungen\\\/\",\"name\":\"Gesch\u00e4ftsbedingungen - The Hotel Ljubljana\",\"isPartOf\":{\"@id\":\"https:\\\/\\\/www.thehotel.si\\\/de\\\/#website\"},\"datePublished\":\"2024-02-20T09:11:42+00:00\",\"dateModified\":\"2024-04-23T20:36:09+00:00\",\"description\":\"Lesen Sie die Gesch\u00e4ftsbedingungen f\u00fcr einen Aufenthalt im Hotel Ljubljana. Buchungs-, Zahlungs- und Serviceinformationen f\u00fcr ein sorgenfreies Erlebnis.\",\"breadcrumb\":{\"@id\":\"https:\\\/\\\/www.thehotel.si\\\/de\\\/geschaeftsbedingungen\\\/#breadcrumb\"},\"inLanguage\":\"de\",\"potentialAction\":[{\"@type\":\"ReadAction\",\"target\":[\"https:\\\/\\\/www.thehotel.si\\\/de\\\/geschaeftsbedingungen\\\/\"]}]},{\"@type\":\"BreadcrumbList\",\"@id\":\"https:\\\/\\\/www.thehotel.si\\\/de\\\/geschaeftsbedingungen\\\/#breadcrumb\",\"itemListElement\":[{\"@type\":\"ListItem\",\"position\":1,\"name\":\"Home\",\"item\":\"https:\\\/\\\/www.thehotel.si\\\/de\\\/\"},{\"@type\":\"ListItem\",\"position\":2,\"name\":\"Gesch\u00e4ftsbedingungen\"}]},{\"@type\":\"WebSite\",\"@id\":\"https:\\\/\\\/www.thehotel.si\\\/de\\\/#website\",\"url\":\"https:\\\/\\\/www.thehotel.si\\\/de\\\/\",\"name\":\"The hotel\",\"description\":\"The Hotel Ljubljana\",\"potentialAction\":[{\"@type\":\"SearchAction\",\"target\":{\"@type\":\"EntryPoint\",\"urlTemplate\":\"https:\\\/\\\/www.thehotel.si\\\/de\\\/?s={search_term_string}\"},\"query-input\":{\"@type\":\"PropertyValueSpecification\",\"valueRequired\":true,\"valueName\":\"search_term_string\"}}],\"inLanguage\":\"de\"}]}<\/script>\n<!-- \/ Yoast SEO plugin. -->","yoast_head_json":{"title":"Gesch\u00e4ftsbedingungen - The Hotel Ljubljana","description":"Lesen Sie die Gesch\u00e4ftsbedingungen f\u00fcr einen Aufenthalt im Hotel Ljubljana. Buchungs-, Zahlungs- und Serviceinformationen f\u00fcr ein sorgenfreies Erlebnis.","robots":{"index":"index","follow":"follow","max-snippet":"max-snippet:-1","max-image-preview":"max-image-preview:large","max-video-preview":"max-video-preview:-1"},"canonical":"https:\/\/www.thehotel.si\/de\/geschaeftsbedingungen\/","og_locale":"de_DE","og_type":"article","og_title":"Gesch\u00e4ftsbedingungen - The Hotel Ljubljana","og_description":"Lesen Sie die Gesch\u00e4ftsbedingungen f\u00fcr einen Aufenthalt im Hotel Ljubljana. Buchungs-, Zahlungs- und Serviceinformationen f\u00fcr ein sorgenfreies Erlebnis.","og_url":"https:\/\/www.thehotel.si\/de\/geschaeftsbedingungen\/","og_site_name":"The hotel","article_modified_time":"2024-04-23T20:36:09+00:00","twitter_card":"summary_large_image","twitter_misc":{"Gesch\u00e4tzte Lesezeit":"5\u00a0Minuten"},"schema":{"@context":"https:\/\/schema.org","@graph":[{"@type":"WebPage","@id":"https:\/\/www.thehotel.si\/de\/geschaeftsbedingungen\/","url":"https:\/\/www.thehotel.si\/de\/geschaeftsbedingungen\/","name":"Gesch\u00e4ftsbedingungen - The Hotel Ljubljana","isPartOf":{"@id":"https:\/\/www.thehotel.si\/de\/#website"},"datePublished":"2024-02-20T09:11:42+00:00","dateModified":"2024-04-23T20:36:09+00:00","description":"Lesen Sie die Gesch\u00e4ftsbedingungen f\u00fcr einen Aufenthalt im Hotel Ljubljana. Buchungs-, Zahlungs- und Serviceinformationen f\u00fcr ein sorgenfreies Erlebnis.","breadcrumb":{"@id":"https:\/\/www.thehotel.si\/de\/geschaeftsbedingungen\/#breadcrumb"},"inLanguage":"de","potentialAction":[{"@type":"ReadAction","target":["https:\/\/www.thehotel.si\/de\/geschaeftsbedingungen\/"]}]},{"@type":"BreadcrumbList","@id":"https:\/\/www.thehotel.si\/de\/geschaeftsbedingungen\/#breadcrumb","itemListElement":[{"@type":"ListItem","position":1,"name":"Home","item":"https:\/\/www.thehotel.si\/de\/"},{"@type":"ListItem","position":2,"name":"Gesch\u00e4ftsbedingungen"}]},{"@type":"WebSite","@id":"https:\/\/www.thehotel.si\/de\/#website","url":"https:\/\/www.thehotel.si\/de\/","name":"The hotel","description":"The Hotel Ljubljana","potentialAction":[{"@type":"SearchAction","target":{"@type":"EntryPoint","urlTemplate":"https:\/\/www.thehotel.si\/de\/?s={search_term_string}"},"query-input":{"@type":"PropertyValueSpecification","valueRequired":true,"valueName":"search_term_string"}}],"inLanguage":"de"}]}},"_links":{"self":[{"href":"https:\/\/www.thehotel.si\/de\/wp-json\/wp\/v2\/pages\/3333","targetHints":{"allow":["GET"]}}],"collection":[{"href":"https:\/\/www.thehotel.si\/de\/wp-json\/wp\/v2\/pages"}],"about":[{"href":"https:\/\/www.thehotel.si\/de\/wp-json\/wp\/v2\/types\/page"}],"author":[{"embeddable":true,"href":"https:\/\/www.thehotel.si\/de\/wp-json\/wp\/v2\/users\/20"}],"replies":[{"embeddable":true,"href":"https:\/\/www.thehotel.si\/de\/wp-json\/wp\/v2\/comments?post=3333"}],"version-history":[{"count":4,"href":"https:\/\/www.thehotel.si\/de\/wp-json\/wp\/v2\/pages\/3333\/revisions"}],"predecessor-version":[{"id":4744,"href":"https:\/\/www.thehotel.si\/de\/wp-json\/wp\/v2\/pages\/3333\/revisions\/4744"}],"wp:attachment":[{"href":"https:\/\/www.thehotel.si\/de\/wp-json\/wp\/v2\/media?parent=3333"}],"curies":[{"name":"wp","href":"https:\/\/api.w.org\/{rel}","templated":true}]}}