{"id":5756,"date":"2025-09-17T13:49:05","date_gmt":"2025-09-17T13:49:05","guid":{"rendered":"https:\/\/www.thehotel.si\/umweltzeichen-zertifikat\/"},"modified":"2025-09-19T13:37:23","modified_gmt":"2025-09-19T13:37:23","slug":"umweltzeichen-zertifikat","status":"publish","type":"page","link":"https:\/\/www.thehotel.si\/de\/umweltzeichen-zertifikat\/","title":{"rendered":"Umweltzeichen-Zertifikat"},"content":{"rendered":"\t\t<div data-elementor-type=\"wp-page\" data-elementor-id=\"5756\" class=\"elementor elementor-5756 elementor-5733\" data-elementor-post-type=\"page\">\n\t\t\t\t<div class=\"elementor-element elementor-element-baa649a shadow-overlay e-flex e-con-boxed e-con e-parent\" data-id=\"baa649a\" data-element_type=\"container\" data-settings=\"{&quot;background_background&quot;:&quot;classic&quot;}\">\n\t\t\t\t\t<div class=\"e-con-inner\">\n\t\t\t\t\t<\/div>\n\t\t\t\t<\/div>\n\t\t<div class=\"elementor-element elementor-element-31ca827 elementor-hidden-mobile e-flex e-con-boxed e-con e-parent\" data-id=\"31ca827\" data-element_type=\"container\">\n\t\t\t\t\t<div class=\"e-con-inner\">\n\t\t\t\t<div class=\"elementor-element elementor-element-cfc3709 elementor-widget elementor-widget-template\" data-id=\"cfc3709\" data-element_type=\"widget\" data-widget_type=\"template.default\">\n\t\t\t\t<div class=\"elementor-widget-container\">\n\t\t\t\t\t\t\t<div class=\"elementor-template\">\n\t\t\t\t\t<div data-elementor-type=\"section\" data-elementor-id=\"4410\" class=\"elementor elementor-4410 elementor-148 elementor-148\" data-elementor-post-type=\"elementor_library\">\n\t\t\t<div class=\"elementor-element elementor-element-c4df3f3 e-con-full e-flex e-con e-parent\" data-id=\"c4df3f3\" data-element_type=\"container\" data-settings=\"{&quot;background_background&quot;:&quot;classic&quot;}\">\n\t\t\t\t<div class=\"elementor-element elementor-element-b7f831a elementor-widget__width-initial elementor-widget elementor-widget-jet-engine-booking-form\" data-id=\"b7f831a\" data-element_type=\"widget\" data-widget_type=\"jet-engine-booking-form.default\">\n\t\t\t\t<div class=\"elementor-widget-container\">\n\t\t\t\t\t<form  class=\"jet-form layout-row submit-type-reload\" action=\"\/de\/wp-json\/wp\/v2\/pages\/5756?jet_engine_action=book&#038;nocache=1776779903\" method=\"POST\" data-form-id=\"4547\"><div class=\"jet-form-col__end content-fullwidth\"><input class=\"jet-form__field hidden-field\" type=\"hidden\" name=\"_jet_engine_booking_form_id\" value=\"4547\" data-field-name=\"_jet_engine_booking_form_id\"><\/div><div class=\"jet-form-col__end content-fullwidth\"><input class=\"jet-form__field hidden-field\" type=\"hidden\" name=\"_jet_engine_refer\" value=\"https:\/\/www.thehotel.si\/de\/wp-json\/wp\/v2\/pages\/5756\/\" data-field-name=\"_jet_engine_refer\"><\/div><div  class=\"jet-form-row jet-form-row--hidden\"><div class=\"jet-form-col jet-form-col-12  field-type-hidden  jet-form-field-container\" data-field=\"post_id\" data-conditional=\"false\"><div class=\"jet-form-col__end content-fullwidth\"><input class=\"jet-form__field hidden-field\" type=\"hidden\" name=\"post_id\" value=\"5756\" data-field-name=\"post_id\"><\/div><\/div><\/div><div  class=\"jet-form-row jet-form-row--submit jet-form-row--first-visible\"><div class=\"jet-form-col jet-form-col-8  field-type-check_in_out  jet-form-field-container\" data-field=\"_dates_range\" data-conditional=\"false\"><div class=\"jet-form-col__end content-fullwidth\">\n<div class=\"jet-abaf-separate-fields\"  >\n\t<div class=\"jet-abaf-separate-field jet-form-col-6\">\n\t\t\t\t\t<div class=\"jet-abaf-separate-field__label jet-form__label\">\n\t\t\t\tCHECK IN\t\t\t<\/div>\n\t\t\n\t\t<div class=\"jet-abaf-separate-field__control\">\n\t\t\t<input\n\t\t\t\ttype=\"text\"\n\t\t\t\tid=\"jet_abaf_field_1\"\n\t\t\t\tname=\"_dates_range__in\"\n\t\t\t\tclass=\"jet-abaf-field__input jet-form__field\"\n\t\t\t\tplaceholder=\"\"\n\t\t\t\tvalue=\"\"\n\t\t\t\tdata-value=\"\"\n\t\t\t\tautocomplete=\"off\"\n\t\t\t\treadonly\n\t\t\t\t\t\t\t\/>\n\n\t\t\t\t\t<\/div>\n\t<\/div>\n\n\t<div class=\"jet-abaf-separate-field jet-form-col-6\">\n\t\t\t\t\t<div class=\"jet-abaf-separate-field__label jet-form__label\">\n\t\t\t\tCHECK OUT\t\t\t<\/div>\n\t\t\n\t\t<div class=\"jet-abaf-separate-field__control\">\n\t\t\t<input\n\t\t\t\ttype=\"text\"\n\t\t\t\tid=\"jet_abaf_field_2\"\n\t\t\t\tname=\"_dates_range__out\"\n\t\t\t\tclass=\"jet-abaf-field__input jet-form__field\"\n\t\t\t\tplaceholder=\"\"\n\t\t\t\tvalue=\"\"\n\t\t\t\tdata-value=\"\"\n\t\t\t\tautocomplete=\"off\"\n\t\t\t\treadonly\n\t\t\t\t\t\t\t\/>\n\n\t\t\t\t\t<\/div>\n\t<\/div>\n\n\t<input\n\t\ttype=\"hidden\"\n\t\tid=\"jet_abaf_field_range\"\n\t\tname=\"_dates_range\"\n\t\tclass=\"jet-abaf-field__input jet-form__field\"\n\t\tvalue=\"\"\n\t\tdata-value=\"\"\n\t\tdata-field=\"checkin-checkout\"\n\t\tdata-format=\"DD.MM.YYYY\"\n\t\/>\n<\/div>\n\n<\/div><\/div><div class=\"jet-form-col jet-form-col-4  field-type-submit  jet-form-field-container\" data-field=\"Submit\" data-conditional=\"false\"><div class=\"jet-form-col__end content-fullwidth\"><div class=\"jet-form__submit-wrap\">\n\t\t<button class=\"jet-form__submit submit-type-reload\" type=\"submit\">VERF\u00dcGBARKEIT PR\u00dcFEN <\/button>\n<\/div><\/div><\/div><\/div><div  class=\"jet-form-row jet-form-row--hidden jet-form-row--first-visible\"><div class=\"jet-form-col jet-form-col-12  field-type-hidden  jet-form-field-container\" data-field=\"_gl\" data-conditional=\"false\"><div class=\"jet-form-col__end content-fullwidth\"><input class=\"jet-form__field hidden-field\" type=\"hidden\" name=\"_gl\" value=\"xxx\" data-field-name=\"_gl\"><\/div><\/div><\/div><div class=\"jet-form-col__end content-fullwidth\"><input class=\"jet-form__field hidden-field\" type=\"hidden\" name=\"_jet_engine_nonce\" value=\"b6d2b1f29c\" data-field-name=\"_jet_engine_nonce\"><\/div><\/form>\t\t\t\t<\/div>\n\t\t\t\t<\/div>\n\t\t\t\t<div class=\"elementor-element elementor-element-c7d605f elementor-widget elementor-widget-html\" data-id=\"c7d605f\" data-element_type=\"widget\" data-widget_type=\"html.default\">\n\t\t\t\t\t<script>document.addEventListener('DOMContentLoaded', function() {\n    var today = new Date();\n    var tomorrow = new Date(today.getTime() + (24 * 60 * 60 * 1000)); \/\/ Adds one day to today's date\n\n    \/\/ Helper function to format the date as DD.MM.YYYY\n    function formatDate(date) {\n        var day = date.getDate().toString().padStart(2, '0');\n        var month = (date.getMonth() + 1).toString().padStart(2, '0'); \/\/ getMonth() is zero-based\n        var year = date.getFullYear();\n        return day + '.' + month + '.' + year;\n    }\n\n    var checkInDate = document.querySelector('input[name=\"_dates_range__in\"]'); \/\/ Adjust selector as needed\n    var checkOutDate = document.querySelector('input[name=\"_dates_range__out\"]'); \/\/ Adjust selector as needed\n\n    if (checkInDate) {\n        checkInDate.value = formatDate(today);\n    }\n\n    if (checkOutDate) {\n        checkOutDate.value = formatDate(tomorrow);\n    }\n});\n\n\n\n\n\ndocument.addEventListener('DOMContentLoaded', function() {\n    var today = new Date();\n    var tomorrow = new Date(today.getTime() + (24 * 60 * 60 * 1000)); \/\/ Adds one day to today's date\n\n    \/\/ Helper function to format the date as DD.MM.YYYY\n    function formatDate(date) {\n        var day = date.getDate().toString().padStart(2, '0');\n        var month = (date.getMonth() + 1).toString().padStart(2, '0'); \/\/ getMonth() is zero-based\n        var year = date.getFullYear();\n        return day + '.' + month + '.' + year;\n    }\n\n    var dateRangeInput = document.getElementById('jet_abaf_field_range');\n\n    if (dateRangeInput) {\n        var formattedDateRange = formatDate(today) + ' - ' + formatDate(tomorrow);\n        dateRangeInput.value = formattedDateRange;\n        dateRangeInput.setAttribute('value', formattedDateRange); \/\/ Set the value attribute\n    }\n});\n<\/script>\t\t\t\t<\/div>\n\t\t\t\t<\/div>\n\t\t\t\t<\/div>\n\t\t\t\t<\/div>\n\t\t\t\t\t\t<\/div>\n\t\t\t\t<\/div>\n\t\t\t\t\t<\/div>\n\t\t\t\t<\/div>\n\t\t<div class=\"elementor-element elementor-element-8665617 e-flex e-con-boxed e-con e-parent\" data-id=\"8665617\" data-element_type=\"container\">\n\t\t\t\t\t<div class=\"e-con-inner\">\n\t\t\t\t<div class=\"elementor-element elementor-element-1c94883 elementor-widget elementor-widget-heading\" data-id=\"1c94883\" data-element_type=\"widget\" data-widget_type=\"heading.default\">\n\t\t\t\t\t<h1 class=\"elementor-heading-title elementor-size-default\">Umweltzeichen-Zertifikat<\/h1>\t\t\t\t<\/div>\n\t\t\t\t<div class=\"elementor-element elementor-element-4572b26 elementor-widget elementor-widget-text-editor\" data-id=\"4572b26\" data-element_type=\"widget\" data-widget_type=\"text-editor.default\">\n\t\t\t\t\t\t\t\t\t<p>Wir sind stolze Tr\u00e4ger des Umweltzeichens \u201eEU ECOLABEL\u201c, dem f\u00fchrenden Qualit\u00e4tsstandard im Bereich Umweltverantwortung und nachhaltiges Wirtschaften. Es zeugt von der Verpflichtung der Anbieter, die STRENGEN KRITERIEN der EU einzuhalten. Mit dem Erhalt des Labels wurden wir f\u00fcr unsere EXZELLENZ IM BEREICH UMWELTVERANTWORTUNG und NACHHALTIGES WIRKEN ausgezeichnet. <\/p>\n<p>Wir erkl\u00e4ren, dass:<\/p>\n<ul>\n<li>wir in allen Bereichen unseres Unternehmens umweltbewusst handeln,<\/li>\n<li>Wir sensibilisieren unsere Besucher, G\u00e4ste, Freunde und Verwandten f\u00fcr die Bedeutung eines nachhaltigen Handelns und<\/li>\n<li>Wir suchen st\u00e4ndig nach neuen L\u00f6sungen f\u00fcr einen verantwortungsvollen Umgang mit nat\u00fcrlichen Ressourcen und f\u00fcr die effiziente Nutzung elektrischer und thermischer Energie.<\/li>\n<\/ul>\n<p>Ein solches Verhalten kommt in erster Linie der nat\u00fcrlichen Umwelt zugute. In den meisten F\u00e4llen handelt es sich bei dieser Art des Umweltschutzes um kleine Ma\u00dfnahmen, die f\u00fcr niemanden von uns gro\u00dfe Anstrengungen oder Komforteinbu\u00dfen erfordern. Es gen\u00fcgen einfache und kaum wahrnehmbare Handlungen. Doch wenn wir sie alle gemeinsam tun, k\u00f6nnen wir die Welt zum Besseren ver\u00e4ndern und sie unseren Nachkommen so hinterlassen, wie wir sie von unseren Vorfahren erhalten haben.   <\/p>\n<p>Aus diesem Grund verpflichten sich die Gesch\u00e4ftsleitung und die Mitarbeiter durch die Einhaltung der auf dem \u201eUmweltzeichen\u201c niedergelegten Richtlinien zu einem verantwortungsvollen Umgang mit der Umwelt, den wir auch Sie, unsere gesch\u00e4tzten G\u00e4ste, f\u00f6rdern. Eine wichtige Voraussetzung f\u00fcr die Erlangung des Umweltzeichens ist das Bewusstsein. Wir sind Ihnen dankbar, wenn Sie die Ratschl\u00e4ge befolgen und so gemeinsam mit uns zum Umweltschutz beitragen.  <\/p>\n<h4>&nbsp;<\/h4>\n<h3>Unsere Umweltfunken:<\/h3>\n<p>Um eine zufriedenstellende Lebensqualit\u00e4t zu gew\u00e4hrleisten, verbraucht ein Mensch durchschnittlich 80 Liter Trinkwasser pro Tag. In Slowenien betr\u00e4gt der Verbrauch pro Haushaltsmitglied und Tag 130 bis 200 Liter Trinkwasser. Allein f\u00fcr eine Toilettensp\u00fclung werden 2 bis 8 Liter sauberes Trinkwasser verbraucht, und zum Kochen verbraucht ein durchschnittlicher slowenischer Haushalt 6 Liter Trinkwasser pro Tag.  <\/p>\n<ul>\n<li>\n<p><strong>Wir trinken Leitungswasser.<\/strong><\/p>\n<p>Slowenien ist eines der wenigen L\u00e4nder, das \u00fcber nat\u00fcrliches Trinkwasser ohne vorherige Aufbereitung verf\u00fcgt. Leitungswasser ist kostenlos und frei von Verpackungsm\u00fcll. <\/p>\n<\/li>\n<li>\n<p><strong>Wir trennen gewissenhaft Abf\u00e4lle<\/strong><\/p>\n<p>Wir trennen Abf\u00e4lle gewissenhaft. Wir trennen Abf\u00e4lle gem\u00e4\u00df den geltenden Vorschriften. Wir entsorgen Abf\u00e4lle ausschlie\u00dflich in den daf\u00fcr vorgesehenen Beh\u00e4ltern und niemals in der Natur oder im Abfluss. In allen Fluren stehen separate Abfallbeh\u00e4lter, die f\u00fcr die getrennte Abfallsammlung gekennzeichnet sind.  <\/p>\n<\/li>\n<li>\n<p><strong>Wir reduzieren den Einsatz von Plastik und Papier<\/strong><\/p>\n<p>In Slowenien produzierten wir im Jahr 2020 durchschnittlich 489 kg Siedlungsabfall pro Kopf. Jedes Jahr verbraucht ein Slowene zwischen 100 und 300 Plastikt\u00fcten, die nur wenige Minuten bis eine Stunde lang verwendet werden. Wir produzieren weltweit immer mehr Plastik, von denen 6,4 Millionen Tonnen in die Umwelt gelangen. Plastikpartikel gelangen jedoch in unseren K\u00f6rper und in den von Tieren und beeintr\u00e4chtigen unsere Gesundheit. WIR VERMEIDEN DIE VERWENDUNG VON EINWEG-KUNSTSTOFFPRODUKTEN. WIR REDUZIEREN DEN PAPIERVERBRAUCH IN B\u00dcROS, ZIMMERN UND WOHNUNGEN.     <\/p>\n<\/li>\n<li>\n<p><strong>Wir schalten das Licht sorgf\u00e4ltig aus und reduzieren so unseren CO2-Fu\u00dfabdruck<\/strong><\/p>\n<p>Unsere Anlage verf\u00fcgt \u00fcber eine hochwertige Isolierung und Energiesparfenster. &nbsp;WIR HABEN T\u00dcREN UND FENSTER GESCHLOSSEN. So wird ein Aufheizen der R\u00e4ume verhindert. Morgens und abends l\u00fcften wir kurz. Das reduziert effektiv unseren CO2-Fu\u00dfabdruck.   <\/p>\n<\/li>\n<li>\n<p><strong>Wir genie\u00dfen den Reichtum der Natur und des kulturellen Erbes vor Ort<\/strong><\/p>\n<p>Das Natur- und Kulturerbe in unserer Umgebung ist au\u00dfergew\u00f6hnlich \u2013 wir informieren unsere G\u00e4ste \u00fcber die umliegenden Natursch\u00f6nheiten und kulturellen Veranstaltungen! G\u00c4STE K\u00d6NNEN VON UNSEREN MITARBEITERN INFORMATIONEN \u00dcBER SEHENSW\u00dcRDIGKEITEN, ERLEBNISSE, GASTRONOMIE UND BRAUCHTUM ERHALTEN. <\/p>\n<\/li>\n<li>\n<p><strong>Wir erkunden die Umgebung mit umweltfreundlichen Fortbewegungsmitteln<\/strong><\/p>\n<p>Slowenien ist ideal f\u00fcr Radfahren, E-Scooter und \u00f6ffentliche Verkehrsmittel. JEDE AUSFLUGS-\/BESICHTIGUNGSTOUR, DIE EIN GAST MIT DEM FAHRRAD, E-SCOOTER, \u00d6FFENTLICHEN VERKEHRSMITTELN ODER ZU FUSS STATT MIT DEM AUTO UNTERNEHMEN IST, IST EINE UMWELTFREUNDLICHE AKTION. &nbsp;<\/p>\n<\/li>\n<li>\n<p><strong>Wir achten auf einen sparsamen Umgang mit Waschmitteln und Wasser beim Waschen<\/strong><\/p>\n<p>T\u00e4glich verbrauchen Fabriken weltweit Tonnen von Waschmittel und Millionen Liter Wasser, um Handt\u00fccher und Bettw\u00e4sche zu waschen, die nur einmal benutzt wurden. Handt\u00fccher werden nur auf Wunsch des Gastes gewechselt oder wenn sie auf dem Boden liegen. Daher werden bei uns Bettw\u00e4sche und Handt\u00fccher bei jedem G\u00e4stewechsel oder nur auf ausdr\u00fccklichen Wunsch gewechselt.   <\/p>\n<\/li>\n<\/ul>\t\t\t\t\t\t\t\t<\/div>\n\t\t\t\t\t<\/div>\n\t\t\t\t<\/div>\n\t\t\t\t<\/div>\n\t\t","protected":false},"excerpt":{"rendered":"<p>Umweltzeichen-Zertifikat Wir sind stolze Tr\u00e4ger des Umweltzeichens \u201eEU ECOLABEL\u201c, dem f\u00fchrenden Qualit\u00e4tsstandard im Bereich Umweltverantwortung und nachhaltiges Wirtschaften. Es zeugt von der Verpflichtung der Anbieter, die STRENGEN KRITERIEN der EU einzuhalten. Mit dem Erhalt des Labels wurden wir f\u00fcr unsere EXZELLENZ IM BEREICH UMWELTVERANTWORTUNG und NACHHALTIGES WIRKEN ausgezeichnet. Wir erkl\u00e4ren, dass: wir in allen Bereichen [&hellip;]<\/p>\n","protected":false},"author":20,"featured_media":0,"parent":0,"menu_order":0,"comment_status":"closed","ping_status":"closed","template":"","meta":{"footnotes":""},"class_list":["post-5756","page","type-page","status-publish","hentry"],"yoast_head":"<!-- This site is optimized with the Yoast SEO plugin v27.4 - https:\/\/yoast.com\/product\/yoast-seo-wordpress\/ -->\n<title>Umweltzeichen-Zertifikat - The hotel<\/title>\n<meta name=\"description\" content=\"Das Hotel Ljubljana ist stolzer Empf\u00e4nger des Umweltzeichens.\" \/>\n<meta name=\"robots\" content=\"index, follow, max-snippet:-1, max-image-preview:large, max-video-preview:-1\" \/>\n<link rel=\"canonical\" href=\"https:\/\/www.thehotel.si\/de\/umweltzeichen-zertifikat\/\" \/>\n<meta property=\"og:locale\" content=\"de_DE\" \/>\n<meta property=\"og:type\" content=\"article\" \/>\n<meta property=\"og:title\" content=\"Umweltzeichen-Zertifikat - The hotel\" \/>\n<meta property=\"og:description\" content=\"Das Hotel Ljubljana ist stolzer Empf\u00e4nger des Umweltzeichens.\" \/>\n<meta property=\"og:url\" content=\"https:\/\/www.thehotel.si\/de\/umweltzeichen-zertifikat\/\" \/>\n<meta property=\"og:site_name\" content=\"The hotel\" \/>\n<meta property=\"article:modified_time\" content=\"2025-09-19T13:37:23+00:00\" \/>\n<meta name=\"twitter:card\" content=\"summary_large_image\" \/>\n<meta name=\"twitter:label1\" content=\"Gesch\u00e4tzte Lesezeit\" \/>\n\t<meta name=\"twitter:data1\" content=\"4\u00a0Minuten\" \/>\n<script type=\"application\/ld+json\" class=\"yoast-schema-graph\">{\"@context\":\"https:\\\/\\\/schema.org\",\"@graph\":[{\"@type\":\"WebPage\",\"@id\":\"https:\\\/\\\/www.thehotel.si\\\/de\\\/umweltzeichen-zertifikat\\\/\",\"url\":\"https:\\\/\\\/www.thehotel.si\\\/de\\\/umweltzeichen-zertifikat\\\/\",\"name\":\"Umweltzeichen-Zertifikat - The hotel\",\"isPartOf\":{\"@id\":\"https:\\\/\\\/www.thehotel.si\\\/de\\\/#website\"},\"datePublished\":\"2025-09-17T13:49:05+00:00\",\"dateModified\":\"2025-09-19T13:37:23+00:00\",\"description\":\"Das Hotel Ljubljana ist stolzer Empf\u00e4nger des Umweltzeichens.\",\"breadcrumb\":{\"@id\":\"https:\\\/\\\/www.thehotel.si\\\/de\\\/umweltzeichen-zertifikat\\\/#breadcrumb\"},\"inLanguage\":\"de\",\"potentialAction\":[{\"@type\":\"ReadAction\",\"target\":[\"https:\\\/\\\/www.thehotel.si\\\/de\\\/umweltzeichen-zertifikat\\\/\"]}]},{\"@type\":\"BreadcrumbList\",\"@id\":\"https:\\\/\\\/www.thehotel.si\\\/de\\\/umweltzeichen-zertifikat\\\/#breadcrumb\",\"itemListElement\":[{\"@type\":\"ListItem\",\"position\":1,\"name\":\"Home\",\"item\":\"https:\\\/\\\/www.thehotel.si\\\/de\\\/\"},{\"@type\":\"ListItem\",\"position\":2,\"name\":\"Umweltzeichen-Zertifikat\"}]},{\"@type\":\"WebSite\",\"@id\":\"https:\\\/\\\/www.thehotel.si\\\/de\\\/#website\",\"url\":\"https:\\\/\\\/www.thehotel.si\\\/de\\\/\",\"name\":\"The hotel\",\"description\":\"The Hotel Ljubljana\",\"potentialAction\":[{\"@type\":\"SearchAction\",\"target\":{\"@type\":\"EntryPoint\",\"urlTemplate\":\"https:\\\/\\\/www.thehotel.si\\\/de\\\/?s={search_term_string}\"},\"query-input\":{\"@type\":\"PropertyValueSpecification\",\"valueRequired\":true,\"valueName\":\"search_term_string\"}}],\"inLanguage\":\"de\"}]}<\/script>\n<!-- \/ Yoast SEO plugin. -->","yoast_head_json":{"title":"Umweltzeichen-Zertifikat - The hotel","description":"Das Hotel Ljubljana ist stolzer Empf\u00e4nger des Umweltzeichens.","robots":{"index":"index","follow":"follow","max-snippet":"max-snippet:-1","max-image-preview":"max-image-preview:large","max-video-preview":"max-video-preview:-1"},"canonical":"https:\/\/www.thehotel.si\/de\/umweltzeichen-zertifikat\/","og_locale":"de_DE","og_type":"article","og_title":"Umweltzeichen-Zertifikat - The hotel","og_description":"Das Hotel Ljubljana ist stolzer Empf\u00e4nger des Umweltzeichens.","og_url":"https:\/\/www.thehotel.si\/de\/umweltzeichen-zertifikat\/","og_site_name":"The hotel","article_modified_time":"2025-09-19T13:37:23+00:00","twitter_card":"summary_large_image","twitter_misc":{"Gesch\u00e4tzte Lesezeit":"4\u00a0Minuten"},"schema":{"@context":"https:\/\/schema.org","@graph":[{"@type":"WebPage","@id":"https:\/\/www.thehotel.si\/de\/umweltzeichen-zertifikat\/","url":"https:\/\/www.thehotel.si\/de\/umweltzeichen-zertifikat\/","name":"Umweltzeichen-Zertifikat - The hotel","isPartOf":{"@id":"https:\/\/www.thehotel.si\/de\/#website"},"datePublished":"2025-09-17T13:49:05+00:00","dateModified":"2025-09-19T13:37:23+00:00","description":"Das Hotel Ljubljana ist stolzer Empf\u00e4nger des Umweltzeichens.","breadcrumb":{"@id":"https:\/\/www.thehotel.si\/de\/umweltzeichen-zertifikat\/#breadcrumb"},"inLanguage":"de","potentialAction":[{"@type":"ReadAction","target":["https:\/\/www.thehotel.si\/de\/umweltzeichen-zertifikat\/"]}]},{"@type":"BreadcrumbList","@id":"https:\/\/www.thehotel.si\/de\/umweltzeichen-zertifikat\/#breadcrumb","itemListElement":[{"@type":"ListItem","position":1,"name":"Home","item":"https:\/\/www.thehotel.si\/de\/"},{"@type":"ListItem","position":2,"name":"Umweltzeichen-Zertifikat"}]},{"@type":"WebSite","@id":"https:\/\/www.thehotel.si\/de\/#website","url":"https:\/\/www.thehotel.si\/de\/","name":"The hotel","description":"The Hotel Ljubljana","potentialAction":[{"@type":"SearchAction","target":{"@type":"EntryPoint","urlTemplate":"https:\/\/www.thehotel.si\/de\/?s={search_term_string}"},"query-input":{"@type":"PropertyValueSpecification","valueRequired":true,"valueName":"search_term_string"}}],"inLanguage":"de"}]}},"_links":{"self":[{"href":"https:\/\/www.thehotel.si\/de\/wp-json\/wp\/v2\/pages\/5756","targetHints":{"allow":["GET"]}}],"collection":[{"href":"https:\/\/www.thehotel.si\/de\/wp-json\/wp\/v2\/pages"}],"about":[{"href":"https:\/\/www.thehotel.si\/de\/wp-json\/wp\/v2\/types\/page"}],"author":[{"embeddable":true,"href":"https:\/\/www.thehotel.si\/de\/wp-json\/wp\/v2\/users\/20"}],"replies":[{"embeddable":true,"href":"https:\/\/www.thehotel.si\/de\/wp-json\/wp\/v2\/comments?post=5756"}],"version-history":[{"count":1,"href":"https:\/\/www.thehotel.si\/de\/wp-json\/wp\/v2\/pages\/5756\/revisions"}],"predecessor-version":[{"id":5757,"href":"https:\/\/www.thehotel.si\/de\/wp-json\/wp\/v2\/pages\/5756\/revisions\/5757"}],"wp:attachment":[{"href":"https:\/\/www.thehotel.si\/de\/wp-json\/wp\/v2\/media?parent=5756"}],"curies":[{"name":"wp","href":"https:\/\/api.w.org\/{rel}","templated":true}]}}