{"id":3331,"date":"2024-02-20T09:11:42","date_gmt":"2024-02-20T09:11:42","guid":{"rendered":"https:\/\/thehotel.forwardapps.si\/conditions-dexploitation\/"},"modified":"2024-04-23T20:36:09","modified_gmt":"2024-04-23T20:36:09","slug":"conditions-dexploitation","status":"publish","type":"page","link":"https:\/\/www.thehotel.si\/fr\/conditions-dexploitation\/","title":{"rendered":"Conditions d&rsquo;exploitation"},"content":{"rendered":"\t\t<div data-elementor-type=\"wp-page\" data-elementor-id=\"3331\" class=\"elementor elementor-3331 elementor-23\" data-elementor-post-type=\"page\">\n\t\t\t\t<div class=\"elementor-element elementor-element-60da20d shadow-overlay e-flex e-con-boxed e-con e-parent\" data-id=\"60da20d\" data-element_type=\"container\" data-settings=\"{&quot;background_background&quot;:&quot;classic&quot;}\">\n\t\t\t\t\t<div class=\"e-con-inner\">\n\t\t\t\t\t<\/div>\n\t\t\t\t<\/div>\n\t\t<div class=\"elementor-element elementor-element-e67a5f6 elementor-hidden-mobile e-flex e-con-boxed e-con e-parent\" data-id=\"e67a5f6\" data-element_type=\"container\">\n\t\t\t\t\t<div class=\"e-con-inner\">\n\t\t\t\t<div class=\"elementor-element elementor-element-8f2a52b elementor-widget elementor-widget-template\" data-id=\"8f2a52b\" data-element_type=\"widget\" data-widget_type=\"template.default\">\n\t\t\t\t<div class=\"elementor-widget-container\">\n\t\t\t\t\t\t\t<div class=\"elementor-template\">\n\t\t\t\t\t<div data-elementor-type=\"section\" data-elementor-id=\"4406\" class=\"elementor elementor-4406 elementor-148 elementor-148\" data-elementor-post-type=\"elementor_library\">\n\t\t\t<div class=\"elementor-element elementor-element-c4df3f3 e-con-full e-flex e-con e-parent\" data-id=\"c4df3f3\" data-element_type=\"container\" data-settings=\"{&quot;background_background&quot;:&quot;classic&quot;}\">\n\t\t\t\t<div class=\"elementor-element elementor-element-b7f831a elementor-widget__width-initial elementor-widget elementor-widget-jet-engine-booking-form\" data-id=\"b7f831a\" data-element_type=\"widget\" data-widget_type=\"jet-engine-booking-form.default\">\n\t\t\t\t<div class=\"elementor-widget-container\">\n\t\t\t\t\t<form  class=\"jet-form layout-row submit-type-reload\" action=\"\/fr\/wp-json\/wp\/v2\/pages\/3331?jet_engine_action=book&#038;nocache=1776541119\" method=\"POST\" data-form-id=\"4548\"><div class=\"jet-form-col__end content-fullwidth\"><input class=\"jet-form__field hidden-field\" type=\"hidden\" name=\"_jet_engine_booking_form_id\" value=\"4548\" data-field-name=\"_jet_engine_booking_form_id\"><\/div><div class=\"jet-form-col__end content-fullwidth\"><input class=\"jet-form__field hidden-field\" type=\"hidden\" name=\"_jet_engine_refer\" value=\"https:\/\/www.thehotel.si\/fr\/wp-json\/wp\/v2\/pages\/3331\/\" data-field-name=\"_jet_engine_refer\"><\/div><div  class=\"jet-form-row jet-form-row--hidden\"><div class=\"jet-form-col jet-form-col-12  field-type-hidden  jet-form-field-container\" data-field=\"post_id\" data-conditional=\"false\"><div class=\"jet-form-col__end content-fullwidth\"><input class=\"jet-form__field hidden-field\" type=\"hidden\" name=\"post_id\" value=\"3331\" data-field-name=\"post_id\"><\/div><\/div><\/div><div  class=\"jet-form-row jet-form-row--submit jet-form-row--first-visible\"><div class=\"jet-form-col jet-form-col-8  field-type-check_in_out  jet-form-field-container\" data-field=\"_dates_range\" data-conditional=\"false\"><div class=\"jet-form-col__end content-fullwidth\">\n<div class=\"jet-abaf-separate-fields\"  >\n\t<div class=\"jet-abaf-separate-field jet-form-col-6\">\n\t\t\t\t\t<div class=\"jet-abaf-separate-field__label jet-form__label\">\n\t\t\t\tCHECK IN\t\t\t<\/div>\n\t\t\n\t\t<div class=\"jet-abaf-separate-field__control\">\n\t\t\t<input\n\t\t\t\ttype=\"text\"\n\t\t\t\tid=\"jet_abaf_field_1\"\n\t\t\t\tname=\"_dates_range__in\"\n\t\t\t\tclass=\"jet-abaf-field__input jet-form__field\"\n\t\t\t\tplaceholder=\"\"\n\t\t\t\tvalue=\"\"\n\t\t\t\tdata-value=\"\"\n\t\t\t\tautocomplete=\"off\"\n\t\t\t\treadonly\n\t\t\t\t\t\t\t\/>\n\n\t\t\t\t\t<\/div>\n\t<\/div>\n\n\t<div class=\"jet-abaf-separate-field jet-form-col-6\">\n\t\t\t\t\t<div class=\"jet-abaf-separate-field__label jet-form__label\">\n\t\t\t\tCHECK OUT\t\t\t<\/div>\n\t\t\n\t\t<div class=\"jet-abaf-separate-field__control\">\n\t\t\t<input\n\t\t\t\ttype=\"text\"\n\t\t\t\tid=\"jet_abaf_field_2\"\n\t\t\t\tname=\"_dates_range__out\"\n\t\t\t\tclass=\"jet-abaf-field__input jet-form__field\"\n\t\t\t\tplaceholder=\"\"\n\t\t\t\tvalue=\"\"\n\t\t\t\tdata-value=\"\"\n\t\t\t\tautocomplete=\"off\"\n\t\t\t\treadonly\n\t\t\t\t\t\t\t\/>\n\n\t\t\t\t\t<\/div>\n\t<\/div>\n\n\t<input\n\t\ttype=\"hidden\"\n\t\tid=\"jet_abaf_field_range\"\n\t\tname=\"_dates_range\"\n\t\tclass=\"jet-abaf-field__input jet-form__field\"\n\t\tvalue=\"\"\n\t\tdata-value=\"\"\n\t\tdata-field=\"checkin-checkout\"\n\t\tdata-format=\"DD.MM.YYYY\"\n\t\/>\n<\/div>\n\n<\/div><\/div><div class=\"jet-form-col jet-form-col-4  field-type-submit  jet-form-field-container\" data-field=\"Submit\" data-conditional=\"false\"><div class=\"jet-form-col__end content-fullwidth\"><div class=\"jet-form__submit-wrap\">\n\t\t<button class=\"jet-form__submit submit-type-reload\" type=\"submit\">V\u00c9RIFIER LES DISPONIBILIT\u00c9S<\/button>\n<\/div><\/div><\/div><\/div><div  class=\"jet-form-row jet-form-row--hidden jet-form-row--first-visible\"><div class=\"jet-form-col jet-form-col-12  field-type-hidden  jet-form-field-container\" data-field=\"_gl\" data-conditional=\"false\"><div class=\"jet-form-col__end content-fullwidth\"><input class=\"jet-form__field hidden-field\" type=\"hidden\" name=\"_gl\" value=\"xxx\" data-field-name=\"_gl\"><\/div><\/div><\/div><div class=\"jet-form-col__end content-fullwidth\"><input class=\"jet-form__field hidden-field\" type=\"hidden\" name=\"_jet_engine_nonce\" value=\"9975ee0617\" data-field-name=\"_jet_engine_nonce\"><\/div><\/form>\t\t\t\t<\/div>\n\t\t\t\t<\/div>\n\t\t\t\t<div class=\"elementor-element elementor-element-c7d605f elementor-widget elementor-widget-html\" data-id=\"c7d605f\" data-element_type=\"widget\" data-widget_type=\"html.default\">\n\t\t\t\t\t<script>document.addEventListener('DOMContentLoaded', function() {\n    var today = new Date();\n    var tomorrow = new Date(today.getTime() + (24 * 60 * 60 * 1000)); \/\/ Adds one day to today's date\n\n    \/\/ Helper function to format the date as DD.MM.YYYY\n    function formatDate(date) {\n        var day = date.getDate().toString().padStart(2, '0');\n        var month = (date.getMonth() + 1).toString().padStart(2, '0'); \/\/ getMonth() is zero-based\n        var year = date.getFullYear();\n        return day + '.' + month + '.' + year;\n    }\n\n    var checkInDate = document.querySelector('input[name=\"_dates_range__in\"]'); \/\/ Adjust selector as needed\n    var checkOutDate = document.querySelector('input[name=\"_dates_range__out\"]'); \/\/ Adjust selector as needed\n\n    if (checkInDate) {\n        checkInDate.value = formatDate(today);\n    }\n\n    if (checkOutDate) {\n        checkOutDate.value = formatDate(tomorrow);\n    }\n});\n\n\n\n\n\ndocument.addEventListener('DOMContentLoaded', function() {\n    var today = new Date();\n    var tomorrow = new Date(today.getTime() + (24 * 60 * 60 * 1000)); \/\/ Adds one day to today's date\n\n    \/\/ Helper function to format the date as DD.MM.YYYY\n    function formatDate(date) {\n        var day = date.getDate().toString().padStart(2, '0');\n        var month = (date.getMonth() + 1).toString().padStart(2, '0'); \/\/ getMonth() is zero-based\n        var year = date.getFullYear();\n        return day + '.' + month + '.' + year;\n    }\n\n    var dateRangeInput = document.getElementById('jet_abaf_field_range');\n\n    if (dateRangeInput) {\n        var formattedDateRange = formatDate(today) + ' - ' + formatDate(tomorrow);\n        dateRangeInput.value = formattedDateRange;\n        dateRangeInput.setAttribute('value', formattedDateRange); \/\/ Set the value attribute\n    }\n});\n<\/script>\t\t\t\t<\/div>\n\t\t\t\t<\/div>\n\t\t\t\t<\/div>\n\t\t\t\t<\/div>\n\t\t\t\t\t\t<\/div>\n\t\t\t\t<\/div>\n\t\t\t\t\t<\/div>\n\t\t\t\t<\/div>\n\t\t<div class=\"elementor-element elementor-element-9b5557f e-flex e-con-boxed e-con e-parent\" data-id=\"9b5557f\" data-element_type=\"container\">\n\t\t\t\t\t<div class=\"e-con-inner\">\n\t\t\t\t<div class=\"elementor-element elementor-element-ab4f81b elementor-widget elementor-widget-text-editor\" data-id=\"ab4f81b\" data-element_type=\"widget\" data-widget_type=\"text-editor.default\">\n\t\t\t\t\t\t\t\t\t<h1>Conditions d&rsquo;exploitation<\/h1>\n<h4>Informations sur la soci\u00e9t\u00e9<\/h4>\n<p>The Hotel LJ d.o.o.<br \/>Cesta v Hrib 20<br \/>1210 Ljubljana-\u0160entvid, Slovenia<\/p>\n<p>P.E.: The Hotel LJ<br \/>Cankarjevo nabre\u017eje 29<br \/>1000 Ljubljana, Slovenia<\/p>\n<p>Num\u00e9ro fiscal: 23758872<br \/>Num\u00e9ro d&rsquo;identification: 8149763000<\/p>\n<p>Banque: Unicredit Banka Slovenija d.d.<br \/>IBAN: SI56 2900 0005 2584 430<\/p>\n<p>Banque: Addiko Bank d.d<br \/>IBAN: SI56 3300 0000 9529 368<\/p>\n<p>Contact R\u00e9ception: +386 (0)1 5883 200<\/p>\n<p>Heures d&rsquo;ouverture de la r\u00e9ception: 24 heures<\/p>\n<p>Email: info@thehotel.si<\/p>\n<p>Merci d&rsquo;avoir choisi de s\u00e9journer avec nous. Nous vous souhaitons un agr\u00e9able s\u00e9jour et permettez-nous de vous familiariser avec les conditions de l&rsquo;h\u00f4tel. <\/p>\n<h4>Monnaie<\/h4>\n<p>Tous les prix des services de l&rsquo;h\u00f4tel sont en euros (\u20ac \/ EUR) et comprennent la TVA.<\/p>\n<h4>R\u00e9servation<\/h4>\n<p>Le client peut effectuer une r\u00e9servation sur le site www.thehotel.si, en \u00e9crivant \u00e0 info@thehotel.si, par t\u00e9l\u00e9phone au +386 (0)1 5883 200 ou en personne \u00e0 la r\u00e9ception de l&rsquo;h\u00f4tel. Vous pouvez \u00e9galement effectuer des r\u00e9servations sur des portails Internet tiers. En cas de r\u00e9servation sur le portail en ligne, le client accepte les conditions de r\u00e9servation sur le portail en ligne ainsi que les conditions g\u00e9n\u00e9rales de l&rsquo;h\u00f4tel.  <\/p>\n<h4>Garantie de r\u00e9servation<\/h4>\n<p>Une carte de cr\u00e9dit\/d\u00e9bit en cours de validit\u00e9 ou un pr\u00e9paiement de 30 % du montant de la r\u00e9servation est requis pour garantir votre r\u00e9servation. Nous d\u00e9biterons la carte d&rsquo;h\u00f4te pour le montant total du s\u00e9jour le jour de la r\u00e9servation.  <\/p>\n<p>La taxe de s\u00e9jour n&rsquo;est pas incluse dans le prix de l&rsquo;h\u00e9bergement, qui s&rsquo;\u00e9l\u00e8ve \u00e0 :<\/p>\n<ul>\n<li>Adultes : 3,13 EUR par personne et par jour<\/li>\n<li>pour les enfants de 7 \u00e0 18 ans : 1,57 EUR par personne et par jour  <\/li>\n<\/ul>\n<p>Lors de la r\u00e9servation, veuillez indiquer le nombre de personnes s\u00e9journant dans la chambre, quel que soit leur \u00e2ge.<\/p>\n<h4>Changement de r\u00e9servation<\/h4>\n<p>Pour modifier ou annuler votre r\u00e9servation, veuillez contacter les contacts mentionn\u00e9s ci-dessus. L&rsquo;annulation est gratuite jusqu&rsquo;\u00e0 48 heures avant l&rsquo;arriv\u00e9e pr\u00e9vue indiqu\u00e9e dans la confirmation de r\u00e9servation (jusqu&rsquo;\u00e0 10 heures, 48 heures avant la date d&rsquo;arriv\u00e9e). <\/p>\n<p>Si le client ne se pr\u00e9sente pas et n&rsquo;annule pas sa r\u00e9servation \u00e0 temps, il sera factur\u00e9 \u00e0 100 % du prix d&rsquo;une nuit, sauf indication contraire dans les conditions d&rsquo;annulation.<\/p>\n<h4>Paiement des services<\/h4>\n<p>L&rsquo;h\u00f4tel accepte les cartes de cr\u00e9dit et de d\u00e9bit suivantes pour le paiement des services:<\/p>\n<p>Visa, Mastercard\/Eurocard, Diners, Maestro, JCB, UnionPay<\/p>\n<p>Les services de l&rsquo;h\u00f4tel peuvent \u00e9galement \u00eatre r\u00e9gl\u00e9s en esp\u00e8ces, par le biais d&rsquo;un bon de commande et d&rsquo;une facture ou d&rsquo;un devis. <\/p>\n<p>Le mode de paiement par carte de commande ne s&rsquo;applique qu&rsquo;aux entreprises. Dans ce cas, le bon de commande doit \u00eatre livr\u00e9 physiquement \u00e0 l&rsquo;h\u00f4tel ou envoy\u00e9 par courrier \u00e9lectronique \u00e0 l&rsquo;adresse info@thehotel.si au plus tard le jour de l&rsquo;arriv\u00e9e du client avant 12 heures. <\/p>\n<p>En cas de paiement anticip\u00e9, il est n\u00e9cessaire d&rsquo;envoyer un re\u00e7u de paiement anticip\u00e9 \u00e0 l&rsquo;adresse e-mail info@thehotel.fr. L&rsquo;acompte doit \u00eatre r\u00e9gl\u00e9 au plus tard 24 heures avant l&rsquo;arriv\u00e9e du client.<\/p>\n<h4>Enregistrement\/d\u00e9connexion des invit\u00e9s<\/h4>\n<p>L&rsquo;enregistrement s&rsquo;effectue de 14h00 \u00e0 24h00, le d\u00e9part est possible jusqu&rsquo;\u00e0 11h00 le jour du d\u00e9part.<\/p>\n<p>La chambre r\u00e9serv\u00e9e est disponible pour les clients jusqu&rsquo;\u00e0 minuit le jour de leur arriv\u00e9e.  En cas d&rsquo;arriv\u00e9e tardive, le client est tenu de pr\u00e9venir l&rsquo;h\u00f4tel \u00e0 l&rsquo;avance &#8211; au plus tard avant 24 heures le jour de l&rsquo;arriv\u00e9e. <\/p>\n<p>L&rsquo;enregistrement anticip\u00e9 ou le d\u00e9part tardif sont possibles sur rendez-vous pr\u00e9alable.<\/p>\n<p>Lors de l&rsquo;enregistrement, vous devrez \u00eatre en possession d&rsquo;une pi\u00e8ce d&rsquo;identit\u00e9 en cours de validit\u00e9 (carte d&rsquo;identit\u00e9 ou passeport). Lors de l\u2019inscription, ils remplissent \u00e9galement le formulaire d\u2019inscription. Vous devrez \u00e9galement pr\u00e9senter la carte de cr\u00e9dit ou de d\u00e9bit utilis\u00e9e lors de la r\u00e9servation.<\/p>\n<h4>D\u00e9part pr\u00e9matur\u00e9<\/h4>\n<p>L&rsquo;h\u00f4tel n&rsquo;est pas tenu de rembourser le montant de la nuit de d\u00e9part anticip\u00e9 au client\/client de l&rsquo;h\u00f4tel. Toute exception fond\u00e9e sur le motif du d\u00e9part anticip\u00e9 est soumise \u00e0 l\u2019approbation de la direction.<\/p>\n<h4>Enfants<\/h4>\n<p>Les enfants de moins de 6 ans s\u00e9journent gratuitement dans la chambre de leurs parents ou de deux adultes.   Pour les enfants de 6 \u00e0 12 ans, le tarif est de 15\u20ac.   Les enfants de plus de 12 ans sont factur\u00e9s au m\u00eame tarif que les adultes s&rsquo;ils s\u00e9journent dans un lit d&rsquo;appoint dans la chambre de leurs parents.<\/p>\n<h4>The Restaurant<\/h4>\n<p>Le restaurant de l&rsquo;h\u00f4tel, The Restaurant, sert une cuisine locale et m\u00e9diterran\u00e9enne avec une interpr\u00e9tation moderne.<\/p>\n<p>Le restaurant \u00e0 la carte est ouvert de 12h00 \u00e0 22h00, The Restaurant ferme \u00e0 23h00.<\/p>\n<h4>Petit-d\u00e9jeuner<\/h4>\n<p>Le tarif du s\u00e9jour (nuit avec petit-d\u00e9jeuner) comprend le petit-d\u00e9jeuner servi au restaurant de l&rsquo;h\u00f4tel, The Restaurant, de 7h00 \u00e0 11h00.<\/p>\n<h4>Animaux domestiques<\/h4>\n<p>Les animaux domestiques sont autoris\u00e9s. Le suppl\u00e9ment est de 20 euros par s\u00e9jour.<\/p>\n<h4>Parking<\/h4>\n<p>L&rsquo;h\u00f4tel met \u00e0 votre disposition des places de parking aupr\u00e8s de prestataires externes ou dans les parkings \u00e0 proximit\u00e9. Les conditions de location et les tarifs vous seront communiqu\u00e9s \u00e0 la r\u00e9ception de l&rsquo;h\u00f4tel au moment de la r\u00e9servation.<\/p>\n<h4>Carte de l&rsquo;h\u00f4tel<\/h4>\n<p>La carte de l&rsquo;h\u00f4tel est la propri\u00e9t\u00e9 de l&rsquo;h\u00f4tel et sert \u00e0 ouvrir les portes lors de l&rsquo;entr\u00e9e de la chambre et de l&rsquo;utilisation d&rsquo;autres services de l&rsquo;h\u00f4tel. La carte d&rsquo;h\u00f4tel vous sera remise lors de l&rsquo;enregistrement et devra \u00eatre remise \u00e0 la r\u00e9ception de l&rsquo;h\u00f4tel au moment du d\u00e9part.<\/p>\n<h4>Fumer<\/h4>\n<p>Il est interdit de fumer dans les chambres de l&rsquo;h\u00f4tel.<\/p>\n<h4>Ch\u00e8ques-cadeaux<\/h4>\n<p>Le ch\u00e8que-cadeau est valable jusqu&rsquo;\u00e0 la date d&rsquo;expiration indiqu\u00e9e sur chaque ch\u00e8que-cadeau individuel. Si aucune date d&rsquo;expiration n&rsquo;est indiqu\u00e9e sur le ch\u00e8que-cadeau, celui-ci est consid\u00e9r\u00e9 comme valable un an \u00e0 compter de la date d&rsquo;\u00e9mission. Les ch\u00e8ques-cadeaux originaux doivent \u00eatre pr\u00e9sent\u00e9s avant l&rsquo;utilisation des services de restauration et lors de l&rsquo;enregistrement \u00e0 la r\u00e9ception de l&rsquo;h\u00f4tel.<\/p>\n<h4>Commande de services suppl\u00e9mentaires<\/h4>\n<p>Dans le cas o\u00f9 des services suppl\u00e9mentaires sont command\u00e9s par un tiers, le client accepte que nous transmettions les donn\u00e9es du client au client ex\u00e9cutant pour la bonne ex\u00e9cution du service demand\u00e9. Cela concerne la fourniture de services de transport, de blanchisserie et de nettoyage \u00e0 sec, l&rsquo;organisation d&rsquo;excursions, etc.<\/p>\n<h4>Jeux de r\u00e9compense<\/h4>\n<p>L&rsquo;h\u00f4tel peut publier diff\u00e9rents jeux-concours sur son site Web ou sur ses profils Facebook et Instagram. Dans ce cas, les conditions g\u00e9n\u00e9rales des jeux-concours s\u2019appliquent.<\/p>\n<h4>Droit applicable<\/h4>\n<p>Les pr\u00e9sentes Conditions G\u00e9n\u00e9rales sont r\u00e9gies par la l\u00e9gislation slov\u00e8ne. Les parties conviennent de la comp\u00e9tence exclusive des tribunaux slov\u00e8nes.<\/p>\n\t\t\t\t\t\t\t\t<\/div>\n\t\t\t\t\t<\/div>\n\t\t\t\t<\/div>\n\t\t\t\t<\/div>\n\t\t","protected":false},"excerpt":{"rendered":"<p>Conditions d&rsquo;exploitation Informations sur la soci\u00e9t\u00e9 The Hotel LJ d.o.o.Cesta v Hrib 201210 Ljubljana-\u0160entvid, Slovenia P.E.: The Hotel LJCankarjevo nabre\u017eje 291000 Ljubljana, Slovenia Num\u00e9ro fiscal: 23758872Num\u00e9ro d&rsquo;identification: 8149763000 Banque: Unicredit Banka Slovenija d.d.IBAN: SI56 2900 0005 2584 430 Banque: Addiko Bank d.dIBAN: SI56 3300 0000 9529 368 Contact R\u00e9ception: +386 (0)1 5883 200 Heures d&rsquo;ouverture [&hellip;]<\/p>\n","protected":false},"author":20,"featured_media":0,"parent":0,"menu_order":0,"comment_status":"closed","ping_status":"closed","template":"","meta":{"footnotes":""},"class_list":["post-3331","page","type-page","status-publish","hentry"],"yoast_head":"<!-- This site is optimized with the Yoast SEO plugin v27.4 - https:\/\/yoast.com\/product\/yoast-seo-wordpress\/ -->\n<title>Conditions d&#039;utilisation - The Hotel Ljubljana<\/title>\n<meta name=\"description\" content=\"Lisez les conditions g\u00e9n\u00e9rales pour votre s\u00e9jour \u00e0 l&#039;H\u00f4tel Ljubljana. Informations sur les r\u00e9servations, les paiements et les services pour une exp\u00e9rience sans soucis.\" \/>\n<meta name=\"robots\" content=\"index, follow, max-snippet:-1, max-image-preview:large, max-video-preview:-1\" \/>\n<link rel=\"canonical\" href=\"https:\/\/www.thehotel.si\/fr\/conditions-dexploitation\/\" \/>\n<meta property=\"og:locale\" content=\"fr_FR\" \/>\n<meta property=\"og:type\" content=\"article\" \/>\n<meta property=\"og:title\" content=\"Conditions d&#039;utilisation - The Hotel Ljubljana\" \/>\n<meta property=\"og:description\" content=\"Lisez les conditions g\u00e9n\u00e9rales pour votre s\u00e9jour \u00e0 l&#039;H\u00f4tel Ljubljana. Informations sur les r\u00e9servations, les paiements et les services pour une exp\u00e9rience sans soucis.\" \/>\n<meta property=\"og:url\" content=\"https:\/\/www.thehotel.si\/fr\/conditions-dexploitation\/\" \/>\n<meta property=\"og:site_name\" content=\"The hotel\" \/>\n<meta property=\"article:modified_time\" content=\"2024-04-23T20:36:09+00:00\" \/>\n<meta name=\"twitter:card\" content=\"summary_large_image\" \/>\n<meta name=\"twitter:label1\" content=\"Dur\u00e9e de lecture estim\u00e9e\" \/>\n\t<meta name=\"twitter:data1\" content=\"6 minutes\" \/>\n<script type=\"application\/ld+json\" class=\"yoast-schema-graph\">{\"@context\":\"https:\\\/\\\/schema.org\",\"@graph\":[{\"@type\":\"WebPage\",\"@id\":\"https:\\\/\\\/www.thehotel.si\\\/fr\\\/conditions-dexploitation\\\/\",\"url\":\"https:\\\/\\\/www.thehotel.si\\\/fr\\\/conditions-dexploitation\\\/\",\"name\":\"Conditions d'utilisation - The Hotel Ljubljana\",\"isPartOf\":{\"@id\":\"https:\\\/\\\/www.thehotel.si\\\/fr\\\/#website\"},\"datePublished\":\"2024-02-20T09:11:42+00:00\",\"dateModified\":\"2024-04-23T20:36:09+00:00\",\"description\":\"Lisez les conditions g\u00e9n\u00e9rales pour votre s\u00e9jour \u00e0 l'H\u00f4tel Ljubljana. Informations sur les r\u00e9servations, les paiements et les services pour une exp\u00e9rience sans soucis.\",\"breadcrumb\":{\"@id\":\"https:\\\/\\\/www.thehotel.si\\\/fr\\\/conditions-dexploitation\\\/#breadcrumb\"},\"inLanguage\":\"fr-FR\",\"potentialAction\":[{\"@type\":\"ReadAction\",\"target\":[\"https:\\\/\\\/www.thehotel.si\\\/fr\\\/conditions-dexploitation\\\/\"]}]},{\"@type\":\"BreadcrumbList\",\"@id\":\"https:\\\/\\\/www.thehotel.si\\\/fr\\\/conditions-dexploitation\\\/#breadcrumb\",\"itemListElement\":[{\"@type\":\"ListItem\",\"position\":1,\"name\":\"Home\",\"item\":\"https:\\\/\\\/www.thehotel.si\\\/fr\\\/\"},{\"@type\":\"ListItem\",\"position\":2,\"name\":\"Conditions d&rsquo;exploitation\"}]},{\"@type\":\"WebSite\",\"@id\":\"https:\\\/\\\/www.thehotel.si\\\/fr\\\/#website\",\"url\":\"https:\\\/\\\/www.thehotel.si\\\/fr\\\/\",\"name\":\"The hotel\",\"description\":\"The Hotel Ljubljana\",\"potentialAction\":[{\"@type\":\"SearchAction\",\"target\":{\"@type\":\"EntryPoint\",\"urlTemplate\":\"https:\\\/\\\/www.thehotel.si\\\/fr\\\/?s={search_term_string}\"},\"query-input\":{\"@type\":\"PropertyValueSpecification\",\"valueRequired\":true,\"valueName\":\"search_term_string\"}}],\"inLanguage\":\"fr-FR\"}]}<\/script>\n<!-- \/ Yoast SEO plugin. -->","yoast_head_json":{"title":"Conditions d'utilisation - The Hotel Ljubljana","description":"Lisez les conditions g\u00e9n\u00e9rales pour votre s\u00e9jour \u00e0 l'H\u00f4tel Ljubljana. Informations sur les r\u00e9servations, les paiements et les services pour une exp\u00e9rience sans soucis.","robots":{"index":"index","follow":"follow","max-snippet":"max-snippet:-1","max-image-preview":"max-image-preview:large","max-video-preview":"max-video-preview:-1"},"canonical":"https:\/\/www.thehotel.si\/fr\/conditions-dexploitation\/","og_locale":"fr_FR","og_type":"article","og_title":"Conditions d'utilisation - The Hotel Ljubljana","og_description":"Lisez les conditions g\u00e9n\u00e9rales pour votre s\u00e9jour \u00e0 l'H\u00f4tel Ljubljana. Informations sur les r\u00e9servations, les paiements et les services pour une exp\u00e9rience sans soucis.","og_url":"https:\/\/www.thehotel.si\/fr\/conditions-dexploitation\/","og_site_name":"The hotel","article_modified_time":"2024-04-23T20:36:09+00:00","twitter_card":"summary_large_image","twitter_misc":{"Dur\u00e9e de lecture estim\u00e9e":"6 minutes"},"schema":{"@context":"https:\/\/schema.org","@graph":[{"@type":"WebPage","@id":"https:\/\/www.thehotel.si\/fr\/conditions-dexploitation\/","url":"https:\/\/www.thehotel.si\/fr\/conditions-dexploitation\/","name":"Conditions d'utilisation - The Hotel Ljubljana","isPartOf":{"@id":"https:\/\/www.thehotel.si\/fr\/#website"},"datePublished":"2024-02-20T09:11:42+00:00","dateModified":"2024-04-23T20:36:09+00:00","description":"Lisez les conditions g\u00e9n\u00e9rales pour votre s\u00e9jour \u00e0 l'H\u00f4tel Ljubljana. Informations sur les r\u00e9servations, les paiements et les services pour une exp\u00e9rience sans soucis.","breadcrumb":{"@id":"https:\/\/www.thehotel.si\/fr\/conditions-dexploitation\/#breadcrumb"},"inLanguage":"fr-FR","potentialAction":[{"@type":"ReadAction","target":["https:\/\/www.thehotel.si\/fr\/conditions-dexploitation\/"]}]},{"@type":"BreadcrumbList","@id":"https:\/\/www.thehotel.si\/fr\/conditions-dexploitation\/#breadcrumb","itemListElement":[{"@type":"ListItem","position":1,"name":"Home","item":"https:\/\/www.thehotel.si\/fr\/"},{"@type":"ListItem","position":2,"name":"Conditions d&rsquo;exploitation"}]},{"@type":"WebSite","@id":"https:\/\/www.thehotel.si\/fr\/#website","url":"https:\/\/www.thehotel.si\/fr\/","name":"The hotel","description":"The Hotel Ljubljana","potentialAction":[{"@type":"SearchAction","target":{"@type":"EntryPoint","urlTemplate":"https:\/\/www.thehotel.si\/fr\/?s={search_term_string}"},"query-input":{"@type":"PropertyValueSpecification","valueRequired":true,"valueName":"search_term_string"}}],"inLanguage":"fr-FR"}]}},"_links":{"self":[{"href":"https:\/\/www.thehotel.si\/fr\/wp-json\/wp\/v2\/pages\/3331","targetHints":{"allow":["GET"]}}],"collection":[{"href":"https:\/\/www.thehotel.si\/fr\/wp-json\/wp\/v2\/pages"}],"about":[{"href":"https:\/\/www.thehotel.si\/fr\/wp-json\/wp\/v2\/types\/page"}],"author":[{"embeddable":true,"href":"https:\/\/www.thehotel.si\/fr\/wp-json\/wp\/v2\/users\/20"}],"replies":[{"embeddable":true,"href":"https:\/\/www.thehotel.si\/fr\/wp-json\/wp\/v2\/comments?post=3331"}],"version-history":[{"count":2,"href":"https:\/\/www.thehotel.si\/fr\/wp-json\/wp\/v2\/pages\/3331\/revisions"}],"predecessor-version":[{"id":4746,"href":"https:\/\/www.thehotel.si\/fr\/wp-json\/wp\/v2\/pages\/3331\/revisions\/4746"}],"wp:attachment":[{"href":"https:\/\/www.thehotel.si\/fr\/wp-json\/wp\/v2\/media?parent=3331"}],"curies":[{"name":"wp","href":"https:\/\/api.w.org\/{rel}","templated":true}]}}