{"id":4265,"date":"2024-03-13T21:59:33","date_gmt":"2024-03-13T21:59:33","guid":{"rendered":"https:\/\/thehotel.forwardapps.si\/experiences\/"},"modified":"2025-10-20T10:57:20","modified_gmt":"2025-10-20T10:57:20","slug":"experiences","status":"publish","type":"page","link":"https:\/\/www.thehotel.si\/fr\/experiences\/","title":{"rendered":"Exp\u00e9riences"},"content":{"rendered":"\t\t<div data-elementor-type=\"wp-page\" data-elementor-id=\"4265\" class=\"elementor elementor-4265 elementor-1791\" data-elementor-post-type=\"page\">\n\t\t\t\t<div class=\"elementor-element elementor-element-684314a shadow-overlay e-flex e-con-boxed e-con e-parent\" data-id=\"684314a\" data-element_type=\"container\" data-settings=\"{&quot;background_background&quot;:&quot;classic&quot;}\">\n\t\t\t\t\t<div class=\"e-con-inner\">\n\t\t\t\t\t<\/div>\n\t\t\t\t<\/div>\n\t\t<div class=\"elementor-element elementor-element-c2d7e27 elementor-hidden-mobile e-con-full e-flex e-con e-parent\" data-id=\"c2d7e27\" data-element_type=\"container\" data-settings=\"{&quot;background_background&quot;:&quot;classic&quot;}\">\n\t\t\t\t<div class=\"elementor-element elementor-element-ecc6e93 elementor-widget elementor-widget-template\" data-id=\"ecc6e93\" data-element_type=\"widget\" data-widget_type=\"template.default\">\n\t\t\t\t<div class=\"elementor-widget-container\">\n\t\t\t\t\t\t\t<div class=\"elementor-template\">\n\t\t\t\t\t<div data-elementor-type=\"section\" data-elementor-id=\"4406\" class=\"elementor elementor-4406 elementor-148 elementor-148\" data-elementor-post-type=\"elementor_library\">\n\t\t\t<div class=\"elementor-element elementor-element-c4df3f3 e-con-full e-flex e-con e-parent\" data-id=\"c4df3f3\" data-element_type=\"container\" data-settings=\"{&quot;background_background&quot;:&quot;classic&quot;}\">\n\t\t\t\t<div class=\"elementor-element elementor-element-b7f831a elementor-widget__width-initial elementor-widget elementor-widget-jet-engine-booking-form\" data-id=\"b7f831a\" data-element_type=\"widget\" data-widget_type=\"jet-engine-booking-form.default\">\n\t\t\t\t<div class=\"elementor-widget-container\">\n\t\t\t\t\t<form  class=\"jet-form layout-row submit-type-reload\" action=\"\/fr\/wp-json\/wp\/v2\/pages\/4265?jet_engine_action=book&#038;nocache=1776542540\" method=\"POST\" data-form-id=\"4548\"><div class=\"jet-form-col__end content-fullwidth\"><input class=\"jet-form__field hidden-field\" type=\"hidden\" name=\"_jet_engine_booking_form_id\" value=\"4548\" data-field-name=\"_jet_engine_booking_form_id\"><\/div><div class=\"jet-form-col__end content-fullwidth\"><input class=\"jet-form__field hidden-field\" type=\"hidden\" name=\"_jet_engine_refer\" value=\"https:\/\/www.thehotel.si\/fr\/wp-json\/wp\/v2\/pages\/4265\/\" data-field-name=\"_jet_engine_refer\"><\/div><div  class=\"jet-form-row jet-form-row--hidden\"><div class=\"jet-form-col jet-form-col-12  field-type-hidden  jet-form-field-container\" data-field=\"post_id\" data-conditional=\"false\"><div class=\"jet-form-col__end content-fullwidth\"><input class=\"jet-form__field hidden-field\" type=\"hidden\" name=\"post_id\" value=\"4265\" data-field-name=\"post_id\"><\/div><\/div><\/div><div  class=\"jet-form-row jet-form-row--submit jet-form-row--first-visible\"><div class=\"jet-form-col jet-form-col-8  field-type-check_in_out  jet-form-field-container\" data-field=\"_dates_range\" data-conditional=\"false\"><div class=\"jet-form-col__end content-fullwidth\">\n<div class=\"jet-abaf-separate-fields\"  >\n\t<div class=\"jet-abaf-separate-field jet-form-col-6\">\n\t\t\t\t\t<div class=\"jet-abaf-separate-field__label jet-form__label\">\n\t\t\t\tCHECK IN\t\t\t<\/div>\n\t\t\n\t\t<div class=\"jet-abaf-separate-field__control\">\n\t\t\t<input\n\t\t\t\ttype=\"text\"\n\t\t\t\tid=\"jet_abaf_field_1\"\n\t\t\t\tname=\"_dates_range__in\"\n\t\t\t\tclass=\"jet-abaf-field__input jet-form__field\"\n\t\t\t\tplaceholder=\"\"\n\t\t\t\tvalue=\"\"\n\t\t\t\tdata-value=\"\"\n\t\t\t\tautocomplete=\"off\"\n\t\t\t\treadonly\n\t\t\t\t\t\t\t\/>\n\n\t\t\t\t\t<\/div>\n\t<\/div>\n\n\t<div class=\"jet-abaf-separate-field jet-form-col-6\">\n\t\t\t\t\t<div class=\"jet-abaf-separate-field__label jet-form__label\">\n\t\t\t\tCHECK OUT\t\t\t<\/div>\n\t\t\n\t\t<div class=\"jet-abaf-separate-field__control\">\n\t\t\t<input\n\t\t\t\ttype=\"text\"\n\t\t\t\tid=\"jet_abaf_field_2\"\n\t\t\t\tname=\"_dates_range__out\"\n\t\t\t\tclass=\"jet-abaf-field__input jet-form__field\"\n\t\t\t\tplaceholder=\"\"\n\t\t\t\tvalue=\"\"\n\t\t\t\tdata-value=\"\"\n\t\t\t\tautocomplete=\"off\"\n\t\t\t\treadonly\n\t\t\t\t\t\t\t\/>\n\n\t\t\t\t\t<\/div>\n\t<\/div>\n\n\t<input\n\t\ttype=\"hidden\"\n\t\tid=\"jet_abaf_field_range\"\n\t\tname=\"_dates_range\"\n\t\tclass=\"jet-abaf-field__input jet-form__field\"\n\t\tvalue=\"\"\n\t\tdata-value=\"\"\n\t\tdata-field=\"checkin-checkout\"\n\t\tdata-format=\"DD.MM.YYYY\"\n\t\/>\n<\/div>\n\n<\/div><\/div><div class=\"jet-form-col jet-form-col-4  field-type-submit  jet-form-field-container\" data-field=\"Submit\" data-conditional=\"false\"><div class=\"jet-form-col__end content-fullwidth\"><div class=\"jet-form__submit-wrap\">\n\t\t<button class=\"jet-form__submit submit-type-reload\" type=\"submit\">V\u00c9RIFIER LES DISPONIBILIT\u00c9S<\/button>\n<\/div><\/div><\/div><\/div><div  class=\"jet-form-row jet-form-row--hidden jet-form-row--first-visible\"><div class=\"jet-form-col jet-form-col-12  field-type-hidden  jet-form-field-container\" data-field=\"_gl\" data-conditional=\"false\"><div class=\"jet-form-col__end content-fullwidth\"><input class=\"jet-form__field hidden-field\" type=\"hidden\" name=\"_gl\" value=\"xxx\" data-field-name=\"_gl\"><\/div><\/div><\/div><div class=\"jet-form-col__end content-fullwidth\"><input class=\"jet-form__field hidden-field\" type=\"hidden\" name=\"_jet_engine_nonce\" value=\"9975ee0617\" data-field-name=\"_jet_engine_nonce\"><\/div><\/form>\t\t\t\t<\/div>\n\t\t\t\t<\/div>\n\t\t\t\t<div class=\"elementor-element elementor-element-c7d605f elementor-widget elementor-widget-html\" data-id=\"c7d605f\" data-element_type=\"widget\" data-widget_type=\"html.default\">\n\t\t\t\t\t<script>document.addEventListener('DOMContentLoaded', function() {\n    var today = new Date();\n    var tomorrow = new Date(today.getTime() + (24 * 60 * 60 * 1000)); \/\/ Adds one day to today's date\n\n    \/\/ Helper function to format the date as DD.MM.YYYY\n    function formatDate(date) {\n        var day = date.getDate().toString().padStart(2, '0');\n        var month = (date.getMonth() + 1).toString().padStart(2, '0'); \/\/ getMonth() is zero-based\n        var year = date.getFullYear();\n        return day + '.' + month + '.' + year;\n    }\n\n    var checkInDate = document.querySelector('input[name=\"_dates_range__in\"]'); \/\/ Adjust selector as needed\n    var checkOutDate = document.querySelector('input[name=\"_dates_range__out\"]'); \/\/ Adjust selector as needed\n\n    if (checkInDate) {\n        checkInDate.value = formatDate(today);\n    }\n\n    if (checkOutDate) {\n        checkOutDate.value = formatDate(tomorrow);\n    }\n});\n\n\n\n\n\ndocument.addEventListener('DOMContentLoaded', function() {\n    var today = new Date();\n    var tomorrow = new Date(today.getTime() + (24 * 60 * 60 * 1000)); \/\/ Adds one day to today's date\n\n    \/\/ Helper function to format the date as DD.MM.YYYY\n    function formatDate(date) {\n        var day = date.getDate().toString().padStart(2, '0');\n        var month = (date.getMonth() + 1).toString().padStart(2, '0'); \/\/ getMonth() is zero-based\n        var year = date.getFullYear();\n        return day + '.' + month + '.' + year;\n    }\n\n    var dateRangeInput = document.getElementById('jet_abaf_field_range');\n\n    if (dateRangeInput) {\n        var formattedDateRange = formatDate(today) + ' - ' + formatDate(tomorrow);\n        dateRangeInput.value = formattedDateRange;\n        dateRangeInput.setAttribute('value', formattedDateRange); \/\/ Set the value attribute\n    }\n});\n<\/script>\t\t\t\t<\/div>\n\t\t\t\t<\/div>\n\t\t\t\t<\/div>\n\t\t\t\t<\/div>\n\t\t\t\t\t\t<\/div>\n\t\t\t\t<\/div>\n\t\t\t\t<\/div>\n\t\t<div class=\"elementor-element elementor-element-d156491 e-flex e-con-boxed e-con e-parent\" data-id=\"d156491\" data-element_type=\"container\" data-settings=\"{&quot;background_background&quot;:&quot;classic&quot;}\">\n\t\t\t\t\t<div class=\"e-con-inner\">\n\t\t\t\t<div class=\"elementor-element elementor-element-311645e elementor-widget__width-initial elementor-widget elementor-widget-text-editor\" data-id=\"311645e\" data-element_type=\"widget\" data-widget_type=\"text-editor.default\">\n\t\t\t\t\t\t\t\t\t<p>Vous \u00eates en visite \u00e0 Ljubljana pour affaires ? Vous souhaitez passer de bonnes vacances en famille ? Vous envisagez un voyage romantique ? Quel que soit le but de votre visite, nous veillerons \u00e0 ce que votre exp\u00e9rience soit unique.   <\/p>\t\t\t\t\t\t\t\t<\/div>\n\t\t\t\t\t<\/div>\n\t\t\t\t<\/div>\n\t\t<div class=\"elementor-element elementor-element-592c7ab e-flex e-con-boxed e-con e-parent\" data-id=\"592c7ab\" data-element_type=\"container\" data-settings=\"{&quot;background_background&quot;:&quot;classic&quot;}\">\n\t\t\t\t\t<div class=\"e-con-inner\">\n\t\t\t\t<div class=\"elementor-element elementor-element-df0861c elementor-widget elementor-widget-jet-listing-grid\" data-id=\"df0861c\" data-element_type=\"widget\" data-settings=\"{&quot;columns&quot;:&quot;2&quot;,&quot;columns_mobile&quot;:&quot;1&quot;}\" data-widget_type=\"jet-listing-grid.default\">\n\t\t\t\t\t<div class=\"jet-listing-grid jet-listing\"><div class=\"jet-listing-not-found jet-listing-grid__items\" data-nav=\"{&quot;enabled&quot;:false,&quot;type&quot;:null,&quot;more_el&quot;:null,&quot;query&quot;:[],&quot;widget_settings&quot;:{&quot;lisitng_id&quot;:356,&quot;posts_num&quot;:6,&quot;columns&quot;:2,&quot;columns_tablet&quot;:2,&quot;columns_mobile&quot;:1,&quot;column_min_width&quot;:240,&quot;column_min_width_tablet&quot;:240,&quot;column_min_width_mobile&quot;:240,&quot;inline_columns_css&quot;:false,&quot;is_archive_template&quot;:&quot;&quot;,&quot;post_status&quot;:[&quot;publish&quot;],&quot;use_random_posts_num&quot;:&quot;&quot;,&quot;max_posts_num&quot;:9,&quot;not_found_message&quot;:&quot;Nous ne proposons actuellement aucun forfait sp\\u00e9cial. Vous pouvez voir nos chambres &lt;a href=\\&quot;https:\\\/\\\/www.thehotel.si\\\/fr\\\/chambres\\\/\\&quot;&gt;ici.&lt;\\\/a&gt;&quot;,&quot;is_masonry&quot;:false,&quot;equal_columns_height&quot;:&quot;&quot;,&quot;use_load_more&quot;:&quot;&quot;,&quot;load_more_id&quot;:&quot;&quot;,&quot;load_more_type&quot;:&quot;click&quot;,&quot;load_more_offset&quot;:null,&quot;use_custom_post_types&quot;:&quot;&quot;,&quot;custom_post_types&quot;:[],&quot;hide_widget_if&quot;:&quot;&quot;,&quot;carousel_enabled&quot;:&quot;&quot;,&quot;slides_to_scroll&quot;:&quot;1&quot;,&quot;arrows&quot;:&quot;true&quot;,&quot;arrow_icon&quot;:&quot;fa fa-angle-left&quot;,&quot;dots&quot;:&quot;&quot;,&quot;autoplay&quot;:&quot;true&quot;,&quot;pause_on_hover&quot;:&quot;true&quot;,&quot;autoplay_speed&quot;:5000,&quot;infinite&quot;:&quot;true&quot;,&quot;center_mode&quot;:&quot;&quot;,&quot;effect&quot;:&quot;slide&quot;,&quot;speed&quot;:500,&quot;inject_alternative_items&quot;:&quot;&quot;,&quot;injection_items&quot;:[],&quot;scroll_slider_enabled&quot;:&quot;&quot;,&quot;scroll_slider_on&quot;:[&quot;desktop&quot;,&quot;tablet&quot;,&quot;mobile&quot;],&quot;custom_query&quot;:false,&quot;custom_query_id&quot;:&quot;&quot;,&quot;_element_id&quot;:&quot;&quot;,&quot;collapse_first_last_gap&quot;:false,&quot;list_tag_selection&quot;:&quot;&quot;,&quot;list_items_wrapper_tag&quot;:&quot;div&quot;,&quot;list_item_tag&quot;:&quot;div&quot;,&quot;empty_items_wrapper_tag&quot;:&quot;div&quot;}}\" data-listing-source=\"posts\" data-listing-id=\"356\" data-query-id=\"\" data-queried-id=\"4265|WP_Post\">Nous ne proposons actuellement aucun forfait sp\u00e9cial. Vous pouvez voir nos chambres <a href=\"https:\/\/www.thehotel.si\/fr\/chambres\/\">ici.<\/a><\/div><\/div>\t\t\t\t<\/div>\n\t\t\t\t\t<\/div>\n\t\t\t\t<\/div>\n\t\t\t\t<\/div>\n\t\t","protected":false},"excerpt":{"rendered":"<p>Vous \u00eates en visite \u00e0 Ljubljana pour affaires ? Vous souhaitez passer de bonnes vacances en famille ? Vous envisagez un voyage romantique ? Quel que soit le but de votre visite, nous veillerons \u00e0 ce que votre exp\u00e9rience soit unique. Rezervirajte<\/p>\n","protected":false},"author":20,"featured_media":0,"parent":0,"menu_order":0,"comment_status":"closed","ping_status":"closed","template":"","meta":{"footnotes":""},"class_list":["post-4265","page","type-page","status-publish","hentry"],"yoast_head":"<!-- This site is optimized with the Yoast SEO plugin v27.4 - https:\/\/yoast.com\/product\/yoast-seo-wordpress\/ -->\n<title>Exp\u00e9riences - The Hotel Ljubljana<\/title>\n<meta name=\"description\" content=\"D\u00e9couvrez les exp\u00e9riences sp\u00e9ciales propos\u00e9es par l&#039;H\u00f4tel Ljubljana. Id\u00e9al pour d\u00e9couvrir la beaut\u00e9 et la culture de la capitale.\" \/>\n<meta name=\"robots\" content=\"index, follow, max-snippet:-1, max-image-preview:large, max-video-preview:-1\" \/>\n<link rel=\"canonical\" href=\"https:\/\/www.thehotel.si\/fr\/experiences\/\" \/>\n<meta property=\"og:locale\" content=\"fr_FR\" \/>\n<meta property=\"og:type\" content=\"article\" \/>\n<meta property=\"og:title\" content=\"Exp\u00e9riences - The Hotel Ljubljana\" \/>\n<meta property=\"og:description\" content=\"D\u00e9couvrez les exp\u00e9riences sp\u00e9ciales propos\u00e9es par l&#039;H\u00f4tel Ljubljana. Id\u00e9al pour d\u00e9couvrir la beaut\u00e9 et la culture de la capitale.\" \/>\n<meta property=\"og:url\" content=\"https:\/\/www.thehotel.si\/fr\/experiences\/\" \/>\n<meta property=\"og:site_name\" content=\"The hotel\" \/>\n<meta property=\"article:modified_time\" content=\"2025-10-20T10:57:20+00:00\" \/>\n<meta name=\"twitter:card\" content=\"summary_large_image\" \/>\n<script type=\"application\/ld+json\" class=\"yoast-schema-graph\">{\"@context\":\"https:\\\/\\\/schema.org\",\"@graph\":[{\"@type\":\"WebPage\",\"@id\":\"https:\\\/\\\/www.thehotel.si\\\/fr\\\/experiences\\\/\",\"url\":\"https:\\\/\\\/www.thehotel.si\\\/fr\\\/experiences\\\/\",\"name\":\"Exp\u00e9riences - The Hotel Ljubljana\",\"isPartOf\":{\"@id\":\"https:\\\/\\\/www.thehotel.si\\\/fr\\\/#website\"},\"datePublished\":\"2024-03-13T21:59:33+00:00\",\"dateModified\":\"2025-10-20T10:57:20+00:00\",\"description\":\"D\u00e9couvrez les exp\u00e9riences sp\u00e9ciales propos\u00e9es par l'H\u00f4tel Ljubljana. Id\u00e9al pour d\u00e9couvrir la beaut\u00e9 et la culture de la capitale.\",\"breadcrumb\":{\"@id\":\"https:\\\/\\\/www.thehotel.si\\\/fr\\\/experiences\\\/#breadcrumb\"},\"inLanguage\":\"fr-FR\",\"potentialAction\":[{\"@type\":\"ReadAction\",\"target\":[\"https:\\\/\\\/www.thehotel.si\\\/fr\\\/experiences\\\/\"]}]},{\"@type\":\"BreadcrumbList\",\"@id\":\"https:\\\/\\\/www.thehotel.si\\\/fr\\\/experiences\\\/#breadcrumb\",\"itemListElement\":[{\"@type\":\"ListItem\",\"position\":1,\"name\":\"Home\",\"item\":\"https:\\\/\\\/www.thehotel.si\\\/fr\\\/\"},{\"@type\":\"ListItem\",\"position\":2,\"name\":\"Exp\u00e9riences\"}]},{\"@type\":\"WebSite\",\"@id\":\"https:\\\/\\\/www.thehotel.si\\\/fr\\\/#website\",\"url\":\"https:\\\/\\\/www.thehotel.si\\\/fr\\\/\",\"name\":\"The hotel\",\"description\":\"The Hotel Ljubljana\",\"potentialAction\":[{\"@type\":\"SearchAction\",\"target\":{\"@type\":\"EntryPoint\",\"urlTemplate\":\"https:\\\/\\\/www.thehotel.si\\\/fr\\\/?s={search_term_string}\"},\"query-input\":{\"@type\":\"PropertyValueSpecification\",\"valueRequired\":true,\"valueName\":\"search_term_string\"}}],\"inLanguage\":\"fr-FR\"}]}<\/script>\n<!-- \/ Yoast SEO plugin. -->","yoast_head_json":{"title":"Exp\u00e9riences - The Hotel Ljubljana","description":"D\u00e9couvrez les exp\u00e9riences sp\u00e9ciales propos\u00e9es par l'H\u00f4tel Ljubljana. Id\u00e9al pour d\u00e9couvrir la beaut\u00e9 et la culture de la capitale.","robots":{"index":"index","follow":"follow","max-snippet":"max-snippet:-1","max-image-preview":"max-image-preview:large","max-video-preview":"max-video-preview:-1"},"canonical":"https:\/\/www.thehotel.si\/fr\/experiences\/","og_locale":"fr_FR","og_type":"article","og_title":"Exp\u00e9riences - The Hotel Ljubljana","og_description":"D\u00e9couvrez les exp\u00e9riences sp\u00e9ciales propos\u00e9es par l'H\u00f4tel Ljubljana. Id\u00e9al pour d\u00e9couvrir la beaut\u00e9 et la culture de la capitale.","og_url":"https:\/\/www.thehotel.si\/fr\/experiences\/","og_site_name":"The hotel","article_modified_time":"2025-10-20T10:57:20+00:00","twitter_card":"summary_large_image","schema":{"@context":"https:\/\/schema.org","@graph":[{"@type":"WebPage","@id":"https:\/\/www.thehotel.si\/fr\/experiences\/","url":"https:\/\/www.thehotel.si\/fr\/experiences\/","name":"Exp\u00e9riences - The Hotel Ljubljana","isPartOf":{"@id":"https:\/\/www.thehotel.si\/fr\/#website"},"datePublished":"2024-03-13T21:59:33+00:00","dateModified":"2025-10-20T10:57:20+00:00","description":"D\u00e9couvrez les exp\u00e9riences sp\u00e9ciales propos\u00e9es par l'H\u00f4tel Ljubljana. Id\u00e9al pour d\u00e9couvrir la beaut\u00e9 et la culture de la capitale.","breadcrumb":{"@id":"https:\/\/www.thehotel.si\/fr\/experiences\/#breadcrumb"},"inLanguage":"fr-FR","potentialAction":[{"@type":"ReadAction","target":["https:\/\/www.thehotel.si\/fr\/experiences\/"]}]},{"@type":"BreadcrumbList","@id":"https:\/\/www.thehotel.si\/fr\/experiences\/#breadcrumb","itemListElement":[{"@type":"ListItem","position":1,"name":"Home","item":"https:\/\/www.thehotel.si\/fr\/"},{"@type":"ListItem","position":2,"name":"Exp\u00e9riences"}]},{"@type":"WebSite","@id":"https:\/\/www.thehotel.si\/fr\/#website","url":"https:\/\/www.thehotel.si\/fr\/","name":"The hotel","description":"The Hotel Ljubljana","potentialAction":[{"@type":"SearchAction","target":{"@type":"EntryPoint","urlTemplate":"https:\/\/www.thehotel.si\/fr\/?s={search_term_string}"},"query-input":{"@type":"PropertyValueSpecification","valueRequired":true,"valueName":"search_term_string"}}],"inLanguage":"fr-FR"}]}},"_links":{"self":[{"href":"https:\/\/www.thehotel.si\/fr\/wp-json\/wp\/v2\/pages\/4265","targetHints":{"allow":["GET"]}}],"collection":[{"href":"https:\/\/www.thehotel.si\/fr\/wp-json\/wp\/v2\/pages"}],"about":[{"href":"https:\/\/www.thehotel.si\/fr\/wp-json\/wp\/v2\/types\/page"}],"author":[{"embeddable":true,"href":"https:\/\/www.thehotel.si\/fr\/wp-json\/wp\/v2\/users\/20"}],"replies":[{"embeddable":true,"href":"https:\/\/www.thehotel.si\/fr\/wp-json\/wp\/v2\/comments?post=4265"}],"version-history":[{"count":7,"href":"https:\/\/www.thehotel.si\/fr\/wp-json\/wp\/v2\/pages\/4265\/revisions"}],"predecessor-version":[{"id":5821,"href":"https:\/\/www.thehotel.si\/fr\/wp-json\/wp\/v2\/pages\/4265\/revisions\/5821"}],"wp:attachment":[{"href":"https:\/\/www.thehotel.si\/fr\/wp-json\/wp\/v2\/media?parent=4265"}],"curies":[{"name":"wp","href":"https:\/\/api.w.org\/{rel}","templated":true}]}}