{"id":5752,"date":"2025-09-17T13:49:05","date_gmt":"2025-09-17T13:49:05","guid":{"rendered":"https:\/\/www.thehotel.si\/certificat-ecolabel\/"},"modified":"2025-09-19T13:32:20","modified_gmt":"2025-09-19T13:32:20","slug":"certificat-ecolabel","status":"publish","type":"page","link":"https:\/\/www.thehotel.si\/fr\/certificat-ecolabel\/","title":{"rendered":"Certificat Ecolabel"},"content":{"rendered":"\t\t<div data-elementor-type=\"wp-page\" data-elementor-id=\"5752\" class=\"elementor elementor-5752 elementor-5733\" data-elementor-post-type=\"page\">\n\t\t\t\t<div class=\"elementor-element elementor-element-baa649a shadow-overlay e-flex e-con-boxed e-con e-parent\" data-id=\"baa649a\" data-element_type=\"container\" data-settings=\"{&quot;background_background&quot;:&quot;classic&quot;}\">\n\t\t\t\t\t<div class=\"e-con-inner\">\n\t\t\t\t\t<\/div>\n\t\t\t\t<\/div>\n\t\t<div class=\"elementor-element elementor-element-31ca827 elementor-hidden-mobile e-flex e-con-boxed e-con e-parent\" data-id=\"31ca827\" data-element_type=\"container\">\n\t\t\t\t\t<div class=\"e-con-inner\">\n\t\t\t\t<div class=\"elementor-element elementor-element-cfc3709 elementor-widget elementor-widget-template\" data-id=\"cfc3709\" data-element_type=\"widget\" data-widget_type=\"template.default\">\n\t\t\t\t<div class=\"elementor-widget-container\">\n\t\t\t\t\t\t\t<div class=\"elementor-template\">\n\t\t\t\t\t<div data-elementor-type=\"section\" data-elementor-id=\"4406\" class=\"elementor elementor-4406 elementor-148 elementor-148\" data-elementor-post-type=\"elementor_library\">\n\t\t\t<div class=\"elementor-element elementor-element-c4df3f3 e-con-full e-flex e-con e-parent\" data-id=\"c4df3f3\" data-element_type=\"container\" data-settings=\"{&quot;background_background&quot;:&quot;classic&quot;}\">\n\t\t\t\t<div class=\"elementor-element elementor-element-b7f831a elementor-widget__width-initial elementor-widget elementor-widget-jet-engine-booking-form\" data-id=\"b7f831a\" data-element_type=\"widget\" data-widget_type=\"jet-engine-booking-form.default\">\n\t\t\t\t<div class=\"elementor-widget-container\">\n\t\t\t\t\t<form  class=\"jet-form layout-row submit-type-reload\" action=\"\/fr\/wp-json\/wp\/v2\/pages\/5752?jet_engine_action=book&#038;nocache=1776854625\" method=\"POST\" data-form-id=\"4548\"><div class=\"jet-form-col__end content-fullwidth\"><input class=\"jet-form__field hidden-field\" type=\"hidden\" name=\"_jet_engine_booking_form_id\" value=\"4548\" data-field-name=\"_jet_engine_booking_form_id\"><\/div><div class=\"jet-form-col__end content-fullwidth\"><input class=\"jet-form__field hidden-field\" type=\"hidden\" name=\"_jet_engine_refer\" value=\"https:\/\/www.thehotel.si\/fr\/wp-json\/wp\/v2\/pages\/5752\/\" data-field-name=\"_jet_engine_refer\"><\/div><div  class=\"jet-form-row jet-form-row--hidden\"><div class=\"jet-form-col jet-form-col-12  field-type-hidden  jet-form-field-container\" data-field=\"post_id\" data-conditional=\"false\"><div class=\"jet-form-col__end content-fullwidth\"><input class=\"jet-form__field hidden-field\" type=\"hidden\" name=\"post_id\" value=\"5752\" data-field-name=\"post_id\"><\/div><\/div><\/div><div  class=\"jet-form-row jet-form-row--submit jet-form-row--first-visible\"><div class=\"jet-form-col jet-form-col-8  field-type-check_in_out  jet-form-field-container\" data-field=\"_dates_range\" data-conditional=\"false\"><div class=\"jet-form-col__end content-fullwidth\">\n<div class=\"jet-abaf-separate-fields\"  >\n\t<div class=\"jet-abaf-separate-field jet-form-col-6\">\n\t\t\t\t\t<div class=\"jet-abaf-separate-field__label jet-form__label\">\n\t\t\t\tCHECK IN\t\t\t<\/div>\n\t\t\n\t\t<div class=\"jet-abaf-separate-field__control\">\n\t\t\t<input\n\t\t\t\ttype=\"text\"\n\t\t\t\tid=\"jet_abaf_field_1\"\n\t\t\t\tname=\"_dates_range__in\"\n\t\t\t\tclass=\"jet-abaf-field__input jet-form__field\"\n\t\t\t\tplaceholder=\"\"\n\t\t\t\tvalue=\"\"\n\t\t\t\tdata-value=\"\"\n\t\t\t\tautocomplete=\"off\"\n\t\t\t\treadonly\n\t\t\t\t\t\t\t\/>\n\n\t\t\t\t\t<\/div>\n\t<\/div>\n\n\t<div class=\"jet-abaf-separate-field jet-form-col-6\">\n\t\t\t\t\t<div class=\"jet-abaf-separate-field__label jet-form__label\">\n\t\t\t\tCHECK OUT\t\t\t<\/div>\n\t\t\n\t\t<div class=\"jet-abaf-separate-field__control\">\n\t\t\t<input\n\t\t\t\ttype=\"text\"\n\t\t\t\tid=\"jet_abaf_field_2\"\n\t\t\t\tname=\"_dates_range__out\"\n\t\t\t\tclass=\"jet-abaf-field__input jet-form__field\"\n\t\t\t\tplaceholder=\"\"\n\t\t\t\tvalue=\"\"\n\t\t\t\tdata-value=\"\"\n\t\t\t\tautocomplete=\"off\"\n\t\t\t\treadonly\n\t\t\t\t\t\t\t\/>\n\n\t\t\t\t\t<\/div>\n\t<\/div>\n\n\t<input\n\t\ttype=\"hidden\"\n\t\tid=\"jet_abaf_field_range\"\n\t\tname=\"_dates_range\"\n\t\tclass=\"jet-abaf-field__input jet-form__field\"\n\t\tvalue=\"\"\n\t\tdata-value=\"\"\n\t\tdata-field=\"checkin-checkout\"\n\t\tdata-format=\"DD.MM.YYYY\"\n\t\/>\n<\/div>\n\n<\/div><\/div><div class=\"jet-form-col jet-form-col-4  field-type-submit  jet-form-field-container\" data-field=\"Submit\" data-conditional=\"false\"><div class=\"jet-form-col__end content-fullwidth\"><div class=\"jet-form__submit-wrap\">\n\t\t<button class=\"jet-form__submit submit-type-reload\" type=\"submit\">V\u00c9RIFIER LES DISPONIBILIT\u00c9S<\/button>\n<\/div><\/div><\/div><\/div><div  class=\"jet-form-row jet-form-row--hidden jet-form-row--first-visible\"><div class=\"jet-form-col jet-form-col-12  field-type-hidden  jet-form-field-container\" data-field=\"_gl\" data-conditional=\"false\"><div class=\"jet-form-col__end content-fullwidth\"><input class=\"jet-form__field hidden-field\" type=\"hidden\" name=\"_gl\" value=\"xxx\" data-field-name=\"_gl\"><\/div><\/div><\/div><div class=\"jet-form-col__end content-fullwidth\"><input class=\"jet-form__field hidden-field\" type=\"hidden\" name=\"_jet_engine_nonce\" value=\"4c4cef99e7\" data-field-name=\"_jet_engine_nonce\"><\/div><\/form>\t\t\t\t<\/div>\n\t\t\t\t<\/div>\n\t\t\t\t<div class=\"elementor-element elementor-element-c7d605f elementor-widget elementor-widget-html\" data-id=\"c7d605f\" data-element_type=\"widget\" data-widget_type=\"html.default\">\n\t\t\t\t\t<script>document.addEventListener('DOMContentLoaded', function() {\n    var today = new Date();\n    var tomorrow = new Date(today.getTime() + (24 * 60 * 60 * 1000)); \/\/ Adds one day to today's date\n\n    \/\/ Helper function to format the date as DD.MM.YYYY\n    function formatDate(date) {\n        var day = date.getDate().toString().padStart(2, '0');\n        var month = (date.getMonth() + 1).toString().padStart(2, '0'); \/\/ getMonth() is zero-based\n        var year = date.getFullYear();\n        return day + '.' + month + '.' + year;\n    }\n\n    var checkInDate = document.querySelector('input[name=\"_dates_range__in\"]'); \/\/ Adjust selector as needed\n    var checkOutDate = document.querySelector('input[name=\"_dates_range__out\"]'); \/\/ Adjust selector as needed\n\n    if (checkInDate) {\n        checkInDate.value = formatDate(today);\n    }\n\n    if (checkOutDate) {\n        checkOutDate.value = formatDate(tomorrow);\n    }\n});\n\n\n\n\n\ndocument.addEventListener('DOMContentLoaded', function() {\n    var today = new Date();\n    var tomorrow = new Date(today.getTime() + (24 * 60 * 60 * 1000)); \/\/ Adds one day to today's date\n\n    \/\/ Helper function to format the date as DD.MM.YYYY\n    function formatDate(date) {\n        var day = date.getDate().toString().padStart(2, '0');\n        var month = (date.getMonth() + 1).toString().padStart(2, '0'); \/\/ getMonth() is zero-based\n        var year = date.getFullYear();\n        return day + '.' + month + '.' + year;\n    }\n\n    var dateRangeInput = document.getElementById('jet_abaf_field_range');\n\n    if (dateRangeInput) {\n        var formattedDateRange = formatDate(today) + ' - ' + formatDate(tomorrow);\n        dateRangeInput.value = formattedDateRange;\n        dateRangeInput.setAttribute('value', formattedDateRange); \/\/ Set the value attribute\n    }\n});\n<\/script>\t\t\t\t<\/div>\n\t\t\t\t<\/div>\n\t\t\t\t<\/div>\n\t\t\t\t<\/div>\n\t\t\t\t\t\t<\/div>\n\t\t\t\t<\/div>\n\t\t\t\t\t<\/div>\n\t\t\t\t<\/div>\n\t\t<div class=\"elementor-element elementor-element-8665617 e-flex e-con-boxed e-con e-parent\" data-id=\"8665617\" data-element_type=\"container\">\n\t\t\t\t\t<div class=\"e-con-inner\">\n\t\t\t\t<div class=\"elementor-element elementor-element-1c94883 elementor-widget elementor-widget-heading\" data-id=\"1c94883\" data-element_type=\"widget\" data-widget_type=\"heading.default\">\n\t\t\t\t\t<h1 class=\"elementor-heading-title elementor-size-default\">Certificat Ecolabel<\/h1>\t\t\t\t<\/div>\n\t\t\t\t<div class=\"elementor-element elementor-element-4572b26 elementor-widget elementor-widget-text-editor\" data-id=\"4572b26\" data-element_type=\"widget\" data-widget_type=\"text-editor.default\">\n\t\t\t\t\t\t\t\t\t<p>Nous sommes fiers d&rsquo;\u00eatre titulaires du label environnemental \u00ab EU ECOLABEL \u00bb, r\u00e9f\u00e9rence en mati\u00e8re de responsabilit\u00e9 environnementale et de d\u00e9veloppement durable. Il t\u00e9moigne de l&rsquo;engagement de nos fournisseurs \u00e0 respecter les CRIT\u00c8RES STRICTS fix\u00e9s par l&rsquo;UE. Ce label reconna\u00eet notre EXCELLENCE EN MATI\u00c8RE DE RESPONSABILIT\u00c9 ENVIRONNEMENTALE et de d\u00e9veloppement durable. <\/p>\n<p>Nous d\u00e9clarons que :<\/p>\n<ul>\n<li>nous agissons de mani\u00e8re respectueuse de l&rsquo;environnement dans tous les domaines de notre activit\u00e9,<\/li>\n<li>Nous sensibilisons nos visiteurs, invit\u00e9s, amis et proches \u00e0 l\u2019importance d\u2019une approche durable, et<\/li>\n<li>Nous sommes constamment \u00e0 la recherche de nouvelles solutions pour une gestion responsable des ressources naturelles et pour une utilisation efficace de l\u2019\u00e9nergie \u00e9lectrique et thermique.<\/li>\n<\/ul>\n<p>Un tel comportement est avant tout b\u00e9n\u00e9fique pour l&rsquo;environnement. Dans la plupart des cas, ce type de protection de l&rsquo;environnement se r\u00e9sume \u00e0 de petites actions qui ne n\u00e9cessitent ni grands efforts ni sacrifices de confort. Il suffit d&rsquo;actions simples et discr\u00e8tes. Mais si nous les mettons tous en pratique, nous pouvons am\u00e9liorer le monde et le transmettre \u00e0 nos descendants comme nous l&rsquo;avons re\u00e7u de nos anc\u00eatres.   <\/p>\n<p>C&rsquo;est pourquoi la direction et les employ\u00e9s, en suivant les directives des \u00ab \u00c9tincelles environnementales \u00bb, s&rsquo;engagent \u00e0 adopter un comportement responsable envers l&rsquo;environnement, ce que nous encourageons \u00e9galement, chers clients. La sensibilisation est une condition essentielle pour obtenir le label environnemental. Nous vous serions reconnaissants de suivre ces conseils et de contribuer ainsi, avec nous, \u00e0 la pr\u00e9servation de l&rsquo;environnement.  <\/p>\n<h4>&nbsp;<\/h4>\n<h3>Nos \u00e9tincelles environnementales :<\/h3>\n<p>Pour maintenir une qualit\u00e9 de vie satisfaisante, une personne consomme en moyenne 80 litres d&rsquo;eau potable par jour. En Slov\u00e9nie, nous consommons entre 130 et 200 litres d&rsquo;eau potable par personne et par jour. Pour une seule chasse d&rsquo;eau, nous consommons entre 2 et 8 litres d&rsquo;eau potable, et pour cuisiner, un m\u00e9nage slov\u00e8ne moyen consomme 6 litres d&rsquo;eau potable par jour.  <\/p>\n<ul>\n<li>\n<p><strong>Nous buvons l&rsquo;eau du robinet.<\/strong><\/p>\n<p>La Slov\u00e9nie est l&rsquo;un des rares pays \u00e0 pouvoir se vanter d&rsquo;avoir une eau potable naturelle sans traitement pr\u00e9alable. L&rsquo;eau du robinet est gratuite et exempte de d\u00e9chets d&#8217;emballage. <\/p>\n<\/li>\n<li>\n<p><strong>Nous trions consciencieusement les d\u00e9chets<\/strong><\/p>\n<p>Nous trions les d\u00e9chets conform\u00e9ment aux instructions. Nous les jetons toujours dans des conteneurs appropri\u00e9s et jamais dans la nature ni dans les \u00e9gouts. Des poubelles s\u00e9par\u00e9es sont install\u00e9es dans tous les couloirs, marqu\u00e9es pour la collecte s\u00e9lective.  <\/p>\n<\/li>\n<li>\n<p><strong>Nous r\u00e9duisons l&rsquo;utilisation du plastique et du papier<\/strong><\/p>\n<p>En Slov\u00e9nie, nous avons produit en moyenne 489 kg de d\u00e9chets municipaux par habitant en 2020. Chaque ann\u00e9e, un habitant utilise entre 100 et 300 sacs plastiques, utilis\u00e9s seulement quelques minutes \u00e0 une heure. Nous produisons de plus en plus de plastique dans le monde, dont 6,4 millions de tonnes finissent dans l&rsquo;environnement. Cependant, les particules de plastique p\u00e9n\u00e8trent dans notre organisme et celui des animaux, affectant notre sant\u00e9. NOUS \u00c9VITONS L&rsquo;UTILISATION DE PRODUITS PLASTIQUES \u00c0 USAGE UNIQUE. NOUS R\u00c9DUISONS LA CONSOMMATION DE PAPIER DANS LES BUREAUX, LES CHAMBRES ET LES APPARTEMENTS.     <\/p>\n<\/li>\n<li>\n<p><strong>Nous \u00e9teignons soigneusement les lumi\u00e8res, r\u00e9duisant ainsi notre empreinte carbone<\/strong><\/p>\n<p>Notre \u00e9tablissement est dot\u00e9 d&rsquo;une isolation de haute qualit\u00e9 et de fen\u00eatres \u00e0 \u00e9conomie d&rsquo;\u00e9nergie. &nbsp;Nous avons ferm\u00e9 les portes et les fen\u00eatres. Cela emp\u00eache la surchauffe des pi\u00e8ces. Nous a\u00e9rons les pi\u00e8ces bri\u00e8vement matin et soir, ce qui r\u00e9duit efficacement notre empreinte carbone.   <\/p>\n<\/li>\n<li>\n<p><strong>Nous profitons de la richesse locale de la nature et du patrimoine culturel<\/strong><\/p>\n<p>Le patrimoine naturel et culturel de notre r\u00e9gion est exceptionnel. Nous informons nos h\u00f4tes sur les sites naturels et les \u00e9v\u00e9nements culturels environnants ! Nos collaborateurs se tiennent \u00e0 votre disposition pour vous renseigner sur les attractions, les exp\u00e9riences, la gastronomie et les coutumes. <\/p>\n<\/li>\n<li>\n<p><strong>Nous explorons les environs avec des types de mobilit\u00e9 respectueux de l&rsquo;environnement<\/strong><\/p>\n<p>La Slov\u00e9nie est id\u00e9ale pour le v\u00e9lo, les trottinettes \u00e9lectriques et les transports en commun. Chaque d\u00e9placement ou visite touristique effectu\u00e9 \u00e0 v\u00e9lo, en trottinette \u00e9lectrique, en transports en commun ou \u00e0 pied, au lieu d&rsquo;une voiture, est un geste respectueux de l&rsquo;environnement. &nbsp;<\/p>\n<\/li>\n<li>\n<p><strong>Nous garantissons une utilisation \u00e9conomique des d\u00e9tergents et de l&rsquo;eau lors du lavage<\/strong><\/p>\n<p>Chaque jour, des usines du monde entier utilisent des tonnes de lessive et des millions de litres d&rsquo;eau pour laver des serviettes et du linge de lit qui n&rsquo;ont servi qu&rsquo;une seule fois. Les serviettes ne sont chang\u00e9es qu&rsquo;\u00e0 la demande du client ou si elles sont oubli\u00e9es par terre. C&rsquo;est pourquoi nous changeons nos draps et serviettes \u00e0 chaque changement de client, ou seulement \u00e0 leur demande expresse.   <\/p>\n<\/li>\n<\/ul>\t\t\t\t\t\t\t\t<\/div>\n\t\t\t\t\t<\/div>\n\t\t\t\t<\/div>\n\t\t\t\t<\/div>\n\t\t","protected":false},"excerpt":{"rendered":"<p>Certificat Ecolabel Nous sommes fiers d&rsquo;\u00eatre titulaires du label environnemental \u00ab EU ECOLABEL \u00bb, r\u00e9f\u00e9rence en mati\u00e8re de responsabilit\u00e9 environnementale et de d\u00e9veloppement durable. Il t\u00e9moigne de l&rsquo;engagement de nos fournisseurs \u00e0 respecter les CRIT\u00c8RES STRICTS fix\u00e9s par l&rsquo;UE. Ce label reconna\u00eet notre EXCELLENCE EN MATI\u00c8RE DE RESPONSABILIT\u00c9 ENVIRONNEMENTALE et de d\u00e9veloppement durable. Nous d\u00e9clarons [&hellip;]<\/p>\n","protected":false},"author":20,"featured_media":0,"parent":0,"menu_order":0,"comment_status":"closed","ping_status":"closed","template":"","meta":{"footnotes":""},"class_list":["post-5752","page","type-page","status-publish","hentry"],"yoast_head":"<!-- This site is optimized with the Yoast SEO plugin v27.4 - https:\/\/yoast.com\/product\/yoast-seo-wordpress\/ -->\n<title>Certificat Ecolabel - The hotel<\/title>\n<meta name=\"description\" content=\"L&#039;H\u00f4tel Ljubljana est fier d&#039;avoir re\u00e7u l&#039;Eco Label.\" \/>\n<meta name=\"robots\" content=\"index, follow, max-snippet:-1, max-image-preview:large, max-video-preview:-1\" \/>\n<link rel=\"canonical\" href=\"https:\/\/www.thehotel.si\/fr\/certificat-ecolabel\/\" \/>\n<meta property=\"og:locale\" content=\"fr_FR\" \/>\n<meta property=\"og:type\" content=\"article\" \/>\n<meta property=\"og:title\" content=\"Certificat Ecolabel - The hotel\" \/>\n<meta property=\"og:description\" content=\"L&#039;H\u00f4tel Ljubljana est fier d&#039;avoir re\u00e7u l&#039;Eco Label.\" \/>\n<meta property=\"og:url\" content=\"https:\/\/www.thehotel.si\/fr\/certificat-ecolabel\/\" \/>\n<meta property=\"og:site_name\" content=\"The hotel\" \/>\n<meta property=\"article:modified_time\" content=\"2025-09-19T13:32:20+00:00\" \/>\n<meta name=\"twitter:card\" content=\"summary_large_image\" \/>\n<meta name=\"twitter:label1\" content=\"Dur\u00e9e de lecture estim\u00e9e\" \/>\n\t<meta name=\"twitter:data1\" content=\"4 minutes\" \/>\n<script type=\"application\/ld+json\" class=\"yoast-schema-graph\">{\"@context\":\"https:\\\/\\\/schema.org\",\"@graph\":[{\"@type\":\"WebPage\",\"@id\":\"https:\\\/\\\/www.thehotel.si\\\/fr\\\/certificat-ecolabel\\\/\",\"url\":\"https:\\\/\\\/www.thehotel.si\\\/fr\\\/certificat-ecolabel\\\/\",\"name\":\"Certificat Ecolabel - The hotel\",\"isPartOf\":{\"@id\":\"https:\\\/\\\/www.thehotel.si\\\/fr\\\/#website\"},\"datePublished\":\"2025-09-17T13:49:05+00:00\",\"dateModified\":\"2025-09-19T13:32:20+00:00\",\"description\":\"L'H\u00f4tel Ljubljana est fier d'avoir re\u00e7u l'Eco Label.\",\"breadcrumb\":{\"@id\":\"https:\\\/\\\/www.thehotel.si\\\/fr\\\/certificat-ecolabel\\\/#breadcrumb\"},\"inLanguage\":\"fr-FR\",\"potentialAction\":[{\"@type\":\"ReadAction\",\"target\":[\"https:\\\/\\\/www.thehotel.si\\\/fr\\\/certificat-ecolabel\\\/\"]}]},{\"@type\":\"BreadcrumbList\",\"@id\":\"https:\\\/\\\/www.thehotel.si\\\/fr\\\/certificat-ecolabel\\\/#breadcrumb\",\"itemListElement\":[{\"@type\":\"ListItem\",\"position\":1,\"name\":\"Home\",\"item\":\"https:\\\/\\\/www.thehotel.si\\\/fr\\\/\"},{\"@type\":\"ListItem\",\"position\":2,\"name\":\"Certificat Ecolabel\"}]},{\"@type\":\"WebSite\",\"@id\":\"https:\\\/\\\/www.thehotel.si\\\/fr\\\/#website\",\"url\":\"https:\\\/\\\/www.thehotel.si\\\/fr\\\/\",\"name\":\"The hotel\",\"description\":\"The Hotel Ljubljana\",\"potentialAction\":[{\"@type\":\"SearchAction\",\"target\":{\"@type\":\"EntryPoint\",\"urlTemplate\":\"https:\\\/\\\/www.thehotel.si\\\/fr\\\/?s={search_term_string}\"},\"query-input\":{\"@type\":\"PropertyValueSpecification\",\"valueRequired\":true,\"valueName\":\"search_term_string\"}}],\"inLanguage\":\"fr-FR\"}]}<\/script>\n<!-- \/ Yoast SEO plugin. -->","yoast_head_json":{"title":"Certificat Ecolabel - The hotel","description":"L'H\u00f4tel Ljubljana est fier d'avoir re\u00e7u l'Eco Label.","robots":{"index":"index","follow":"follow","max-snippet":"max-snippet:-1","max-image-preview":"max-image-preview:large","max-video-preview":"max-video-preview:-1"},"canonical":"https:\/\/www.thehotel.si\/fr\/certificat-ecolabel\/","og_locale":"fr_FR","og_type":"article","og_title":"Certificat Ecolabel - The hotel","og_description":"L'H\u00f4tel Ljubljana est fier d'avoir re\u00e7u l'Eco Label.","og_url":"https:\/\/www.thehotel.si\/fr\/certificat-ecolabel\/","og_site_name":"The hotel","article_modified_time":"2025-09-19T13:32:20+00:00","twitter_card":"summary_large_image","twitter_misc":{"Dur\u00e9e de lecture estim\u00e9e":"4 minutes"},"schema":{"@context":"https:\/\/schema.org","@graph":[{"@type":"WebPage","@id":"https:\/\/www.thehotel.si\/fr\/certificat-ecolabel\/","url":"https:\/\/www.thehotel.si\/fr\/certificat-ecolabel\/","name":"Certificat Ecolabel - The hotel","isPartOf":{"@id":"https:\/\/www.thehotel.si\/fr\/#website"},"datePublished":"2025-09-17T13:49:05+00:00","dateModified":"2025-09-19T13:32:20+00:00","description":"L'H\u00f4tel Ljubljana est fier d'avoir re\u00e7u l'Eco Label.","breadcrumb":{"@id":"https:\/\/www.thehotel.si\/fr\/certificat-ecolabel\/#breadcrumb"},"inLanguage":"fr-FR","potentialAction":[{"@type":"ReadAction","target":["https:\/\/www.thehotel.si\/fr\/certificat-ecolabel\/"]}]},{"@type":"BreadcrumbList","@id":"https:\/\/www.thehotel.si\/fr\/certificat-ecolabel\/#breadcrumb","itemListElement":[{"@type":"ListItem","position":1,"name":"Home","item":"https:\/\/www.thehotel.si\/fr\/"},{"@type":"ListItem","position":2,"name":"Certificat Ecolabel"}]},{"@type":"WebSite","@id":"https:\/\/www.thehotel.si\/fr\/#website","url":"https:\/\/www.thehotel.si\/fr\/","name":"The hotel","description":"The Hotel Ljubljana","potentialAction":[{"@type":"SearchAction","target":{"@type":"EntryPoint","urlTemplate":"https:\/\/www.thehotel.si\/fr\/?s={search_term_string}"},"query-input":{"@type":"PropertyValueSpecification","valueRequired":true,"valueName":"search_term_string"}}],"inLanguage":"fr-FR"}]}},"_links":{"self":[{"href":"https:\/\/www.thehotel.si\/fr\/wp-json\/wp\/v2\/pages\/5752","targetHints":{"allow":["GET"]}}],"collection":[{"href":"https:\/\/www.thehotel.si\/fr\/wp-json\/wp\/v2\/pages"}],"about":[{"href":"https:\/\/www.thehotel.si\/fr\/wp-json\/wp\/v2\/types\/page"}],"author":[{"embeddable":true,"href":"https:\/\/www.thehotel.si\/fr\/wp-json\/wp\/v2\/users\/20"}],"replies":[{"embeddable":true,"href":"https:\/\/www.thehotel.si\/fr\/wp-json\/wp\/v2\/comments?post=5752"}],"version-history":[{"count":1,"href":"https:\/\/www.thehotel.si\/fr\/wp-json\/wp\/v2\/pages\/5752\/revisions"}],"predecessor-version":[{"id":5753,"href":"https:\/\/www.thehotel.si\/fr\/wp-json\/wp\/v2\/pages\/5752\/revisions\/5753"}],"wp:attachment":[{"href":"https:\/\/www.thehotel.si\/fr\/wp-json\/wp\/v2\/media?parent=5752"}],"curies":[{"name":"wp","href":"https:\/\/api.w.org\/{rel}","templated":true}]}}